{"id":10765,"date":"2024-09-06T10:29:47","date_gmt":"2024-09-06T07:29:47","guid":{"rendered":"https:\/\/progimyalin.com.tr\/?page_id=10765"},"modified":"2025-09-23T12:01:56","modified_gmt":"2025-09-23T09:01:56","slug":"biz-kimiz","status":"publish","type":"page","link":"https:\/\/progimyalin.com.tr\/en\/who-we-are\/","title":{"rendered":"WHO WE ARE"},"content":{"rendered":"<div data-elementor-type=\"wp-post\" data-elementor-id=\"10765\" class=\"elementor elementor-10765\">\n\t\t\t\t\t\t<section class=\"elementor-section elementor-top-section elementor-element elementor-element-282e1662 elementor-section-boxed elementor-section-height-default elementor-section-height-default\" data-id=\"282e1662\" data-element_type=\"section\" data-e-type=\"section\" data-settings=\"{&quot;background_background&quot;:&quot;classic&quot;,&quot;shape_divider_bottom&quot;:&quot;curve&quot;,&quot;shape_divider_bottom_negative&quot;:&quot;yes&quot;}\">\n\t\t\t\t\t\t\t<div class=\"elementor-background-overlay\"><\/div>\n\t\t\t\t\t\t<div class=\"elementor-shape elementor-shape-bottom\" aria-hidden=\"true\" data-negative=\"true\">\n\t\t\t<svg xmlns=\"http:\/\/www.w3.org\/2000\/svg\" viewbox=\"0 0 1000 100\" preserveaspectratio=\"none\">\n\t<path class=\"elementor-shape-fill\" d=\"M500,97C126.7,96.3,0.8,19.8,0,0v100l1000,0V1C1000,19.4,873.3,97.8,500,97z\"\/>\n<\/svg>\t\t<\/div>\n\t\t\t\t\t<div class=\"elementor-container elementor-column-gap-default\">\n\t\t\t\t\t<div class=\"elementor-column elementor-col-100 elementor-top-column elementor-element elementor-element-22244108\" data-id=\"22244108\" data-element_type=\"column\" data-e-type=\"column\">\n\t\t\t<div class=\"elementor-widget-wrap elementor-element-populated\">\n\t\t\t\t\t\t<div class=\"elementor-element elementor-element-551e7ec4 elementor-widget elementor-widget-heading\" data-id=\"551e7ec4\" data-element_type=\"widget\" data-e-type=\"widget\" data-widget_type=\"heading.default\">\n\t\t\t\t<div class=\"elementor-widget-container\">\n\t\t\t\t\t<h1 class=\"elementor-heading-title elementor-size-default\">WHO WE ARE<\/h1>\t\t\t\t<\/div>\n\t\t\t\t<\/div>\n\t\t\t\t\t<\/div>\n\t\t<\/div>\n\t\t\t\t\t<\/div>\n\t\t<\/section>\n\t\t\t\t<section class=\"elementor-section elementor-top-section elementor-element elementor-element-f439175 elementor-section-boxed elementor-section-height-default elementor-section-height-default\" data-id=\"f439175\" data-element_type=\"section\" data-e-type=\"section\">\n\t\t\t\t\t\t<div class=\"elementor-container elementor-column-gap-default\">\n\t\t\t\t\t<div class=\"elementor-column elementor-col-100 elementor-top-column elementor-element elementor-element-bbc4021\" data-id=\"bbc4021\" data-element_type=\"column\" data-e-type=\"column\">\n\t\t\t<div class=\"elementor-widget-wrap elementor-element-populated\">\n\t\t\t\t\t\t<div class=\"elementor-element elementor-element-377baef elementor-widget elementor-widget-spacer\" data-id=\"377baef\" data-element_type=\"widget\" data-e-type=\"widget\" data-widget_type=\"spacer.default\">\n\t\t\t\t<div class=\"elementor-widget-container\">\n\t\t\t\t\t\t\t<div class=\"elementor-spacer\">\n\t\t\t<div class=\"elementor-spacer-inner\"><\/div>\n\t\t<\/div>\n\t\t\t\t\t\t<\/div>\n\t\t\t\t<\/div>\n\t\t\t\t\t<\/div>\n\t\t<\/div>\n\t\t\t\t\t<\/div>\n\t\t<\/section>\n\t\t\t\t<section class=\"elementor-section elementor-top-section elementor-element elementor-element-0abc55b elementor-section-boxed elementor-section-height-default elementor-section-height-default\" data-id=\"0abc55b\" data-element_type=\"section\" data-e-type=\"section\">\n\t\t\t\t\t\t<div class=\"elementor-container elementor-column-gap-default\">\n\t\t\t\t\t<div class=\"elementor-column elementor-col-100 elementor-top-column elementor-element elementor-element-4eb1006\" data-id=\"4eb1006\" data-element_type=\"column\" data-e-type=\"column\" data-settings=\"{&quot;background_background&quot;:&quot;classic&quot;}\">\n\t\t\t<div class=\"elementor-widget-wrap\">\n\t\t\t\t\t\t\t<\/div>\n\t\t<\/div>\n\t\t\t\t\t<\/div>\n\t\t<\/section>\n\t\t\t\t<section class=\"elementor-section elementor-top-section elementor-element elementor-element-fb06e47 elementor-section-boxed elementor-section-height-default elementor-section-height-default\" data-id=\"fb06e47\" data-element_type=\"section\" data-e-type=\"section\">\n\t\t\t\t\t\t<div class=\"elementor-container elementor-column-gap-default\">\n\t\t\t\t\t<div class=\"elementor-column elementor-col-100 elementor-top-column elementor-element elementor-element-4c6a1f3\" data-id=\"4c6a1f3\" data-element_type=\"column\" data-e-type=\"column\">\n\t\t\t<div class=\"elementor-widget-wrap elementor-element-populated\">\n\t\t\t\t\t\t<div class=\"elementor-element elementor-element-72e2e86 elementor-widget elementor-widget-text-editor\" data-id=\"72e2e86\" data-element_type=\"widget\" data-e-type=\"widget\" data-widget_type=\"text-editor.default\">\n\t\t\t\t<div class=\"elementor-widget-container\">\n\t\t\t\t\t\t\t\t\t<p class=\" translation-block\">\u201c<b>Progim Lean Transformation and Software<\/b>\u201d has contributed to the lean transformation of more than 80 companies since its founding by Engin Ero\u011flu in 2014.<\/p><ul><li class=\" translation-block\">Using the  <b>Lean Maturity Assessment Analysis (YODA)<\/b> methodology developed by the Ministry of Industry and Technology and KOSGEB, it has prepared the lean maturity assessment and lean roadmap for many companies.<\/li><li>In order to make lean production training more lasting and persuasive, in recent years it has been delivered by conducting \u201cLean Factory Simulations\u201d at many locations (chambers of industry, universities, businesses). The training set belonging to PROG\u0130M has a significant impact on participants.<\/li><li>He has given training courses and seminars on topics such as \u201cLean Production and Techniques\u201d and \u201cProduction Planning\u201d at many universities and Chambers of Industry. (Ankara, Eskisehir, Konya, Denizli, Afyon, Sakarya, Bilecik...)<\/li><\/ul><p class=\" translation-block\">Progim uses the <b>DDX Digital Transformation Assessment Model<\/b> to determine businesses' digital maturity levels, create their digital roadmaps, and guide them on their digital transformation journey.<\/p><p>As a company based in the Eski\u015fehir Technology Development Zone, we have successfully completed 9 R&amp;D projects as of 2025, with 2 additional projects currently in progress.<\/p>\t\t\t\t\t\t\t\t<\/div>\n\t\t\t\t<\/div>\n\t\t\t\t<div class=\"elementor-element elementor-element-f3ff246 elementor-widget elementor-widget-spacer\" data-id=\"f3ff246\" data-element_type=\"widget\" data-e-type=\"widget\" data-widget_type=\"spacer.default\">\n\t\t\t\t<div class=\"elementor-widget-container\">\n\t\t\t\t\t\t\t<div class=\"elementor-spacer\">\n\t\t\t<div class=\"elementor-spacer-inner\"><\/div>\n\t\t<\/div>\n\t\t\t\t\t\t<\/div>\n\t\t\t\t<\/div>\n\t\t\t\t\t<\/div>\n\t\t<\/div>\n\t\t\t\t\t<\/div>\n\t\t<\/section>\n\t\t\t\t<section class=\"elementor-section elementor-top-section elementor-element elementor-element-b1f9af1 elementor-section-boxed elementor-section-height-default elementor-section-height-default\" data-id=\"b1f9af1\" data-element_type=\"section\" data-e-type=\"section\" data-settings=\"{&quot;background_background&quot;:&quot;classic&quot;}\">\n\t\t\t\t\t\t<div class=\"elementor-container elementor-column-gap-default\">\n\t\t\t\t\t<div class=\"elementor-column elementor-col-100 elementor-top-column elementor-element elementor-element-387deb7\" data-id=\"387deb7\" data-element_type=\"column\" data-e-type=\"column\">\n\t\t\t<div class=\"elementor-widget-wrap elementor-element-populated\">\n\t\t\t\t\t\t<div class=\"elementor-element elementor-element-e4751ed elementor-widget elementor-widget-heading\" data-id=\"e4751ed\" data-element_type=\"widget\" data-e-type=\"widget\" data-widget_type=\"heading.default\">\n\t\t\t\t<div class=\"elementor-widget-container\">\n\t\t\t\t\t<h2 class=\"elementor-heading-title elementor-size-default\">Contact Us<\/h2>\t\t\t\t<\/div>\n\t\t\t\t<\/div>\n\t\t\t\t<section class=\"elementor-section elementor-inner-section elementor-element elementor-element-5e03805 elementor-section-boxed elementor-section-height-default elementor-section-height-default\" data-id=\"5e03805\" data-element_type=\"section\" data-e-type=\"section\">\n\t\t\t\t\t\t<div class=\"elementor-container elementor-column-gap-default\">\n\t\t\t\t\t<div class=\"elementor-column elementor-col-50 elementor-inner-column elementor-element elementor-element-095ca5a\" data-id=\"095ca5a\" data-element_type=\"column\" data-e-type=\"column\">\n\t\t\t<div class=\"elementor-widget-wrap elementor-element-populated\">\n\t\t\t\t\t\t<div class=\"elementor-element elementor-element-fcf38aa elementor-widget elementor-widget-shortcode\" data-id=\"fcf38aa\" data-element_type=\"widget\" data-e-type=\"widget\" data-widget_type=\"shortcode.default\">\n\t\t\t\t<div class=\"elementor-widget-container\">\n\t\t\t\t\t\t\t<div class=\"elementor-shortcode\">\n<div class=\"wpcf7 no-js\" id=\"wpcf7-f4321-o1\" lang=\"tr-TR\" dir=\"ltr\" data-wpcf7-id=\"4321\">\n<div class=\"screen-reader-response\"><p role=\"status\" aria-live=\"polite\" aria-atomic=\"true\"><\/p> <ul><\/ul><\/div>\n<form action=\"\/en\/wp-json\/wp\/v2\/pages\/10765#wpcf7-f4321-o1\" method=\"post\" class=\"wpcf7-form init\" aria-label=\"\u0130leti\u015fim Formu\" novalidate=\"novalidate\" data-status=\"init\" data-trp-original-action=\"\/en\/wp-json\/wp\/v2\/pages\/10765#wpcf7-f4321-o1\">\n<fieldset class=\"hidden-fields-container\"><input type=\"hidden\" name=\"_wpcf7\" value=\"4321\" \/><input type=\"hidden\" name=\"_wpcf7_version\" value=\"6.1.5\" \/><input type=\"hidden\" name=\"_wpcf7_locale\" value=\"tr_TR\" \/><input type=\"hidden\" name=\"_wpcf7_unit_tag\" value=\"wpcf7-f4321-o1\" \/><input type=\"hidden\" name=\"_wpcf7_container_post\" value=\"0\" \/><input type=\"hidden\" name=\"_wpcf7_posted_data_hash\" value=\"\" \/><input type=\"hidden\" name=\"_wpcf7_recaptcha_response\" value=\"\" \/>\n<\/fieldset>\n<p><label> Name:*<br \/>\n<span class=\"wpcf7-form-control-wrap\" data-name=\"your-name\"><input size=\"40\" maxlength=\"400\" class=\"wpcf7-form-control wpcf7-text wpcf7-validates-as-required\" aria-required=\"true\" aria-invalid=\"false\" value=\"\" type=\"text\" name=\"your-name\" \/><\/span> <\/label>\n<\/p>\n<p><label> E-mail:*<br \/>\n<span class=\"wpcf7-form-control-wrap\" data-name=\"your-email\"><input size=\"40\" maxlength=\"400\" class=\"wpcf7-form-control wpcf7-email wpcf7-validates-as-required wpcf7-text wpcf7-validates-as-email\" aria-required=\"true\" aria-invalid=\"false\" value=\"\" type=\"email\" name=\"your-email\" \/><\/span> <\/label>\n<\/p>\n<p><label> Subject:<br \/>\n<span class=\"wpcf7-form-control-wrap\" data-name=\"your-subject\"><input size=\"40\" maxlength=\"400\" class=\"wpcf7-form-control wpcf7-text\" aria-invalid=\"false\" value=\"\" type=\"text\" name=\"your-subject\" \/><\/span> <\/label>\n<\/p>\n<p><label> Message:<br \/>\n<span class=\"wpcf7-form-control-wrap\" data-name=\"your-message\"><textarea cols=\"40\" rows=\"10\" maxlength=\"2000\" class=\"wpcf7-form-control wpcf7-textarea\" aria-invalid=\"false\" name=\"your-message\"><\/textarea><\/span> <\/label><br \/>\n<span class=\"wpcf7-form-control-wrap recaptcha\" data-name=\"recaptcha\"><span data-sitekey=\"6Lf7kVMdAAAAAMvm9PQBftYhU0-cQrgDa_NvQJJC\" class=\"wpcf7-form-control wpcf7-recaptcha g-recaptcha\"><\/span>\r\n<noscript>\r\n\t<div class=\"grecaptcha-noscript\">\r\n\t\t<iframe src=\"https:\/\/www.google.com\/recaptcha\/api\/fallback?k=6Lf7kVMdAAAAAMvm9PQBftYhU0-cQrgDa_NvQJJC\" frameborder=\"0\" scrolling=\"no\" width=\"310\" height=\"430\">\r\n\t\t<\/iframe>\r\n\t\t<textarea name=\"g-recaptcha-response\" rows=\"3\" cols=\"40\" placeholder=\"reCaptcha Response Here\">\r\n\t\t<\/textarea>\r\n\t<\/div>\r\n<\/noscript>\r\n<\/span>\n<\/p>\n<p><input class=\"wpcf7-form-control wpcf7-submit has-spinner\" type=\"submit\" value=\"Send\" \/>\n<\/p><div class=\"wpcf7-response-output\" aria-hidden=\"true\"><\/div>\n<input type=\"hidden\" name=\"trp-form-language\" value=\"en\"\/><\/form>\n<\/div>\n<\/div>\n\t\t\t\t\t\t<\/div>\n\t\t\t\t<\/div>\n\t\t\t\t\t<\/div>\n\t\t<\/div>\n\t\t\t\t<div class=\"elementor-column elementor-col-50 elementor-inner-column elementor-element elementor-element-a7c757e\" data-id=\"a7c757e\" data-element_type=\"column\" data-e-type=\"column\">\n\t\t\t<div class=\"elementor-widget-wrap elementor-element-populated\">\n\t\t\t\t\t\t<div class=\"elementor-element elementor-element-f6c3c8c elementor-widget elementor-widget-spacer\" data-id=\"f6c3c8c\" data-element_type=\"widget\" data-e-type=\"widget\" data-widget_type=\"spacer.default\">\n\t\t\t\t<div class=\"elementor-widget-container\">\n\t\t\t\t\t\t\t<div class=\"elementor-spacer\">\n\t\t\t<div class=\"elementor-spacer-inner\"><\/div>\n\t\t<\/div>\n\t\t\t\t\t\t<\/div>\n\t\t\t\t<\/div>\n\t\t\t\t<div class=\"elementor-element elementor-element-13e956f elementor-view-default elementor-widget elementor-widget-icon\" data-id=\"13e956f\" data-element_type=\"widget\" data-e-type=\"widget\" data-widget_type=\"icon.default\">\n\t\t\t\t<div class=\"elementor-widget-container\">\n\t\t\t\t\t\t\t<div class=\"elementor-icon-wrapper\">\n\t\t\t<div class=\"elementor-icon\">\n\t\t\t<i aria-hidden=\"true\" class=\"fas fa-map-marker-alt\"><\/i>\t\t\t<\/div>\n\t\t<\/div>\n\t\t\t\t\t\t<\/div>\n\t\t\t\t<\/div>\n\t\t\t\t<div class=\"elementor-element elementor-element-1d7217c elementor-widget elementor-widget-heading\" data-id=\"1d7217c\" data-element_type=\"widget\" data-e-type=\"widget\" data-widget_type=\"heading.default\">\n\t\t\t\t<div class=\"elementor-widget-container\">\n\t\t\t\t\t<h3 class=\"elementor-heading-title elementor-size-default\">Address:<\/h3>\t\t\t\t<\/div>\n\t\t\t\t<\/div>\n\t\t\t\t<div class=\"elementor-element elementor-element-8089850 elementor-widget elementor-widget-text-editor\" data-id=\"8089850\" data-element_type=\"widget\" data-e-type=\"widget\" data-widget_type=\"text-editor.default\">\n\t\t\t\t<div class=\"elementor-widget-container\">\n\t\t\t\t\t\t\t\t\t<p>B\u00fcy\u00fckdere Mah. Osmangazi \u00dcniversitesi, Osmangazi Teknopark\u0131 No:4\/59 Oda: Z2, 26040 Odunpazar\u0131\/Eski\u015fehir<\/p>\t\t\t\t\t\t\t\t<\/div>\n\t\t\t\t<\/div>\n\t\t\t\t<div class=\"elementor-element elementor-element-05eebce elementor-view-default elementor-widget elementor-widget-icon\" data-id=\"05eebce\" data-element_type=\"widget\" data-e-type=\"widget\" data-widget_type=\"icon.default\">\n\t\t\t\t<div class=\"elementor-widget-container\">\n\t\t\t\t\t\t\t<div class=\"elementor-icon-wrapper\">\n\t\t\t<div class=\"elementor-icon\">\n\t\t\t<i aria-hidden=\"true\" class=\"fas fa-phone-volume\"><\/i>\t\t\t<\/div>\n\t\t<\/div>\n\t\t\t\t\t\t<\/div>\n\t\t\t\t<\/div>\n\t\t\t\t<div class=\"elementor-element elementor-element-b8ee79b elementor-widget elementor-widget-heading\" data-id=\"b8ee79b\" data-element_type=\"widget\" data-e-type=\"widget\" data-widget_type=\"heading.default\">\n\t\t\t\t<div class=\"elementor-widget-container\">\n\t\t\t\t\t<h3 class=\"elementor-heading-title elementor-size-default\">Phone:<\/h3>\t\t\t\t<\/div>\n\t\t\t\t<\/div>\n\t\t\t\t<div class=\"elementor-element elementor-element-12b13bb elementor-widget elementor-widget-text-editor\" data-id=\"12b13bb\" data-element_type=\"widget\" data-e-type=\"widget\" data-widget_type=\"text-editor.default\">\n\t\t\t\t<div class=\"elementor-widget-container\">\n\t\t\t\t\t\t\t\t\t<a href=\"tel: 05325743538\">Tel: 05325743538<\/a>\t\t\t\t\t\t\t\t<\/div>\n\t\t\t\t<\/div>\n\t\t\t\t<div class=\"elementor-element elementor-element-1afc606 elementor-view-default elementor-widget elementor-widget-icon\" data-id=\"1afc606\" data-element_type=\"widget\" data-e-type=\"widget\" data-widget_type=\"icon.default\">\n\t\t\t\t<div class=\"elementor-widget-container\">\n\t\t\t\t\t\t\t<div class=\"elementor-icon-wrapper\">\n\t\t\t<div class=\"elementor-icon\">\n\t\t\t<i aria-hidden=\"true\" class=\"fas fa-mail-bulk\"><\/i>\t\t\t<\/div>\n\t\t<\/div>\n\t\t\t\t\t\t<\/div>\n\t\t\t\t<\/div>\n\t\t\t\t<div class=\"elementor-element elementor-element-32f19ee elementor-widget elementor-widget-heading\" data-id=\"32f19ee\" data-element_type=\"widget\" data-e-type=\"widget\" data-widget_type=\"heading.default\">\n\t\t\t\t<div class=\"elementor-widget-container\">\n\t\t\t\t\t<h3 class=\"elementor-heading-title elementor-size-default\">E-Mail:<\/h3>\t\t\t\t<\/div>\n\t\t\t\t<\/div>\n\t\t\t\t<div class=\"elementor-element elementor-element-47b2a0b elementor-widget elementor-widget-text-editor\" data-id=\"47b2a0b\" data-element_type=\"widget\" data-e-type=\"widget\" data-widget_type=\"text-editor.default\">\n\t\t\t\t<div class=\"elementor-widget-container\">\n\t\t\t\t\t\t\t\t\t<span style=\"color: #1a78b8;\"><a style=\"color: #1a78b8;\" href=\"mailto:info@progimyalin.com.tr\">info@progimyalin.com.tr<\/a><\/span>\t\t\t\t\t\t\t\t<\/div>\n\t\t\t\t<\/div>\n\t\t\t\t<div class=\"elementor-element elementor-element-6431ad5 elementor-widget elementor-widget-google_maps\" data-id=\"6431ad5\" data-element_type=\"widget\" data-e-type=\"widget\" data-widget_type=\"google_maps.default\">\n\t\t\t\t<div class=\"elementor-widget-container\">\n\t\t\t\t\t\t\t<div class=\"elementor-custom-embed\">\n\t\t\t<iframe\n\t\t\t\t\tdata-src=\"https:\/\/maps.google.com\/maps?q=PROG%C4%B0M%20YALIN%20D%C3%96N%C3%9C%C5%9E%C3%9CM%20VE%20YAZILIM%20SAN.%20T%C4%B0C.%20LTD.%20%C5%9ET%C4%B0.%2C%20B%C3%BCy%C3%BCkdere%20Mah.%20Osmangazi%20%C3%9Cniversitesi%2C%20Osmangazi%20Teknopark%C4%B1%20No%3A4%2F59%20Oda%3A%20Z2%2C%2026040%20Odunpazar%C4%B1%2FEski%C5%9Fehir%2C%20T%C3%BCrkiye&#038;t=m&#038;z=10&#038;output=embed&#038;iwloc=near\"\n\t\t\t\t\ttitle=\"PROG\u0130M YALIN D\u00d6N\u00dc\u015e\u00dcM VE YAZILIM SAN. T\u0130C. LTD. \u015eT\u0130., B\u00fcy\u00fckdere Mah. Osmangazi \u00dcniversitesi, Osmangazi Teknopark\u0131 No:4\/59 Oda: Z2, 26040 Odunpazar\u0131\/Eski\u015fehir, T\u00fcrkiye\"\n\t\t\t\t\taria-label=\"PROG\u0130M YALIN D\u00d6N\u00dc\u015e\u00dcM VE YAZILIM SAN. T\u0130C. LTD. \u015eT\u0130., B\u00fcy\u00fckdere Mah. Osmangazi \u00dcniversitesi, Osmangazi Teknopark\u0131 No:4\/59 Oda: Z2, 26040 Odunpazar\u0131\/Eski\u015fehir, T\u00fcrkiye\"\n\t\t\t src=\"data:image\/svg+xml;base64,PHN2ZyB3aWR0aD0iMSIgaGVpZ2h0PSIxIiB4bWxucz0iaHR0cDovL3d3dy53My5vcmcvMjAwMC9zdmciPjwvc3ZnPg==\" class=\"lazyload\" data-load-mode=\"1\"><\/iframe>\n\t\t<\/div>\n\t\t\t\t\t\t<\/div>\n\t\t\t\t<\/div>\n\t\t\t\t\t<\/div>\n\t\t<\/div>\n\t\t\t\t\t<\/div>\n\t\t<\/section>\n\t\t\t\t\t<\/div>\n\t\t<\/div>\n\t\t\t\t\t<\/div>\n\t\t<\/section>\n\t\t\t\t<\/div>","protected":false},"excerpt":{"rendered":"<p>B\u0130Z K\u0130M\u0130Z &#8220;Progim Yal\u0131n D\u00f6n\u00fc\u015f\u00fcm ve Yaz\u0131l\u0131m\u201d 2014 y\u0131l\u0131nda Engin Ero\u011flu taraf\u0131ndan kuruldu\u011fumuzdan beri 80\u2019den fazla firman\u0131n yal\u0131n d\u00f6n\u00fc\u015f\u00fcm\u00fcne katk\u0131 sa\u011flam\u0131\u015ft\u0131r. Sanayi ve Teknoloji Bakanl\u0131\u011f\u0131 ve KOSGEB&#8217;in geli\u015ftirdi\u011fi Yal\u0131n Olgunluk De\u011ferlendirme Analizi (YODA) metodolojisini kullanarak bir\u00e7ok firman\u0131n yal\u0131n olgunluk de\u011ferlendirmesini ve yal\u0131n yol haritas\u0131n\u0131 [&hellip;]<\/p>","protected":false},"author":4,"featured_media":13722,"parent":0,"menu_order":0,"comment_status":"closed","ping_status":"closed","template":"elementor_header_footer","meta":{"footnotes":""},"class_list":["post-10765","page","type-page","status-publish","has-post-thumbnail","hentry"],"_links":{"self":[{"href":"https:\/\/progimyalin.com.tr\/en\/wp-json\/wp\/v2\/pages\/10765","targetHints":{"allow":["GET"]}}],"collection":[{"href":"https:\/\/progimyalin.com.tr\/en\/wp-json\/wp\/v2\/pages"}],"about":[{"href":"https:\/\/progimyalin.com.tr\/en\/wp-json\/wp\/v2\/types\/page"}],"author":[{"embeddable":true,"href":"https:\/\/progimyalin.com.tr\/en\/wp-json\/wp\/v2\/users\/4"}],"replies":[{"embeddable":true,"href":"https:\/\/progimyalin.com.tr\/en\/wp-json\/wp\/v2\/comments?post=10765"}],"version-history":[{"count":16,"href":"https:\/\/progimyalin.com.tr\/en\/wp-json\/wp\/v2\/pages\/10765\/revisions"}],"predecessor-version":[{"id":29579,"href":"https:\/\/progimyalin.com.tr\/en\/wp-json\/wp\/v2\/pages\/10765\/revisions\/29579"}],"wp:featuredmedia":[{"embeddable":true,"href":"https:\/\/progimyalin.com.tr\/en\/wp-json\/wp\/v2\/media\/13722"}],"wp:attachment":[{"href":"https:\/\/progimyalin.com.tr\/en\/wp-json\/wp\/v2\/media?parent=10765"}],"curies":[{"name":"wp","href":"https:\/\/api.w.org\/{rel}","templated":true}]}}