{"id":12673,"date":"2024-09-06T10:29:04","date_gmt":"2024-09-06T07:29:04","guid":{"rendered":"https:\/\/progimyalin.com.tr\/?page_id=12673"},"modified":"2024-11-12T16:14:37","modified_gmt":"2024-11-12T13:14:37","slug":"kisisel-verilerin-korunmasi","status":"publish","type":"page","link":"https:\/\/progimyalin.com.tr\/en\/personal-data-protection\/","title":{"rendered":"Protection of Personal Data"},"content":{"rendered":"<div data-elementor-type=\"wp-post\" data-elementor-id=\"12673\" class=\"elementor elementor-12673\">\n\t\t\t\t\t\t<section class=\"elementor-section elementor-top-section elementor-element elementor-element-e6e0298 elementor-section-boxed elementor-section-height-default elementor-section-height-default\" data-id=\"e6e0298\" data-element_type=\"section\" data-e-type=\"section\">\n\t\t\t\t\t\t<div class=\"elementor-container elementor-column-gap-default\">\n\t\t\t\t\t<div class=\"elementor-column elementor-col-100 elementor-top-column elementor-element elementor-element-c0f39d9\" data-id=\"c0f39d9\" data-element_type=\"column\" data-e-type=\"column\">\n\t\t\t<div class=\"elementor-widget-wrap elementor-element-populated\">\n\t\t\t\t\t\t<div class=\"elementor-element elementor-element-007f707 elementor-widget elementor-widget-spacer\" data-id=\"007f707\" data-element_type=\"widget\" data-e-type=\"widget\" data-widget_type=\"spacer.default\">\n\t\t\t\t<div class=\"elementor-widget-container\">\n\t\t\t\t\t\t\t<div class=\"elementor-spacer\">\n\t\t\t<div class=\"elementor-spacer-inner\"><\/div>\n\t\t<\/div>\n\t\t\t\t\t\t<\/div>\n\t\t\t\t<\/div>\n\t\t\t\t\t<\/div>\n\t\t<\/div>\n\t\t\t\t\t<\/div>\n\t\t<\/section>\n\t\t\t\t<section class=\"elementor-section elementor-top-section elementor-element elementor-element-e5ea103 elementor-section-boxed elementor-section-height-default elementor-section-height-default\" data-id=\"e5ea103\" data-element_type=\"section\" data-e-type=\"section\" data-settings=\"{&quot;background_background&quot;:&quot;classic&quot;,&quot;shape_divider_bottom&quot;:&quot;curve&quot;,&quot;shape_divider_bottom_negative&quot;:&quot;yes&quot;}\">\n\t\t\t\t\t\t\t<div class=\"elementor-background-overlay\"><\/div>\n\t\t\t\t\t\t<div class=\"elementor-shape elementor-shape-bottom\" aria-hidden=\"true\" data-negative=\"true\">\n\t\t\t<svg xmlns=\"http:\/\/www.w3.org\/2000\/svg\" viewbox=\"0 0 1000 100\" preserveaspectratio=\"none\">\n\t<path class=\"elementor-shape-fill\" d=\"M500,97C126.7,96.3,0.8,19.8,0,0v100l1000,0V1C1000,19.4,873.3,97.8,500,97z\"\/>\n<\/svg>\t\t<\/div>\n\t\t\t\t\t<div class=\"elementor-container elementor-column-gap-default\">\n\t\t\t\t\t<div class=\"elementor-column elementor-col-100 elementor-top-column elementor-element elementor-element-e9b3be5\" data-id=\"e9b3be5\" data-element_type=\"column\" data-e-type=\"column\">\n\t\t\t<div class=\"elementor-widget-wrap elementor-element-populated\">\n\t\t\t\t\t\t<div class=\"elementor-element elementor-element-3211eba elementor-widget elementor-widget-spacer\" data-id=\"3211eba\" data-element_type=\"widget\" data-e-type=\"widget\" data-widget_type=\"spacer.default\">\n\t\t\t\t<div class=\"elementor-widget-container\">\n\t\t\t\t\t\t\t<div class=\"elementor-spacer\">\n\t\t\t<div class=\"elementor-spacer-inner\"><\/div>\n\t\t<\/div>\n\t\t\t\t\t\t<\/div>\n\t\t\t\t<\/div>\n\t\t\t\t<div class=\"elementor-element elementor-element-859801f elementor-widget elementor-widget-heading\" data-id=\"859801f\" data-element_type=\"widget\" data-e-type=\"widget\" data-widget_type=\"heading.default\">\n\t\t\t\t<div class=\"elementor-widget-container\">\n\t\t\t\t\t<h1 class=\"elementor-heading-title elementor-size-default\">Personal Data Protection Authority<\/h1>\t\t\t\t<\/div>\n\t\t\t\t<\/div>\n\t\t\t\t\t<\/div>\n\t\t<\/div>\n\t\t\t\t\t<\/div>\n\t\t<\/section>\n\t\t\t\t<section class=\"elementor-section elementor-top-section elementor-element elementor-element-63d6fd8 elementor-section-boxed elementor-section-height-default elementor-section-height-default\" data-id=\"63d6fd8\" data-element_type=\"section\" data-e-type=\"section\">\n\t\t\t\t\t\t<div class=\"elementor-container elementor-column-gap-default\">\n\t\t\t\t\t<div class=\"elementor-column elementor-col-100 elementor-top-column elementor-element elementor-element-e7c8c7b\" data-id=\"e7c8c7b\" data-element_type=\"column\" data-e-type=\"column\">\n\t\t\t<div class=\"elementor-widget-wrap elementor-element-populated\">\n\t\t\t\t\t\t<div class=\"elementor-element elementor-element-9b74de3 elementor-widget elementor-widget-spacer\" data-id=\"9b74de3\" data-element_type=\"widget\" data-e-type=\"widget\" data-widget_type=\"spacer.default\">\n\t\t\t\t<div class=\"elementor-widget-container\">\n\t\t\t\t\t\t\t<div class=\"elementor-spacer\">\n\t\t\t<div class=\"elementor-spacer-inner\"><\/div>\n\t\t<\/div>\n\t\t\t\t\t\t<\/div>\n\t\t\t\t<\/div>\n\t\t\t\t\t<\/div>\n\t\t<\/div>\n\t\t\t\t\t<\/div>\n\t\t<\/section>\n\t\t\t\t<div class=\"elementor-section elementor-top-section elementor-element elementor-element-59da350 elementor-section-boxed elementor-section-height-default elementor-section-height-default\" data-id=\"59da350\" data-element_type=\"section\" data-e-type=\"section\" data-settings=\"{&quot;background_background&quot;:&quot;classic&quot;}\">\n\t\t\t\t\t\t\t<div class=\"elementor-background-overlay\"><\/div>\n\t\t\t\t\t\t\t<div class=\"elementor-container elementor-column-gap-default\">\n\t\t\t\t\t<div class=\"elementor-column elementor-col-100 elementor-top-column elementor-element elementor-element-3cec31b\" data-id=\"3cec31b\" data-element_type=\"column\" data-e-type=\"column\" data-settings=\"{&quot;background_background&quot;:&quot;classic&quot;}\">\n\t\t\t<div class=\"elementor-widget-wrap elementor-element-populated\">\n\t\t\t\t\t<div class=\"elementor-background-overlay\"><\/div>\n\t\t\t\t\t\t<div class=\"elementor-element elementor-element-2796f48 elementor-widget elementor-widget-heading\" data-id=\"2796f48\" data-element_type=\"widget\" data-e-type=\"widget\" data-widget_type=\"heading.default\">\n\t\t\t\t<div class=\"elementor-widget-container\">\n\t\t\t\t\t<h2 class=\"elementor-heading-title elementor-size-default\">Protection of Personal Data<\/h2>\t\t\t\t<\/div>\n\t\t\t\t<\/div>\n\t\t\t\t<div class=\"elementor-element elementor-element-5cbe058 elementor-widget elementor-widget-spacer\" data-id=\"5cbe058\" data-element_type=\"widget\" data-e-type=\"widget\" data-widget_type=\"spacer.default\">\n\t\t\t\t<div class=\"elementor-widget-container\">\n\t\t\t\t\t\t\t<div class=\"elementor-spacer\">\n\t\t\t<div class=\"elementor-spacer-inner\"><\/div>\n\t\t<\/div>\n\t\t\t\t\t\t<\/div>\n\t\t\t\t<\/div>\n\t\t\t\t<div class=\"elementor-element elementor-element-1b348e1 elementor-widget elementor-widget-text-editor\" data-id=\"1b348e1\" data-element_type=\"widget\" data-e-type=\"widget\" data-widget_type=\"text-editor.default\">\n\t\t\t\t<div class=\"elementor-widget-container\">\n\t\t\t\t\t\t\t\t\t<p>Progim Yal\u0131n D\u00f6n\u00fc\u015f\u00fcm &amp; Yaz\u0131l\u0131m San. Tic. Ltd. \u015eti. (\u201cProgim Yal\u0131n Transformation &amp; Software\u201d), we show maximum sensitivity to the security of your personal data. With this awareness, we attach great importance to the processing and preservation of all kinds of personal data belonging to all related parties, including those who benefit from our products and services, in accordance with the Law on the Protection of Personal Data No. 6698 (\u201cKVK Law\u201d). With the full understanding of this responsibility, we process your personal data as explained below and within the limits ordered by the legislation.<\/p>\t\t\t\t\t\t\t\t<\/div>\n\t\t\t\t<\/div>\n\t\t\t\t<div class=\"elementor-element elementor-element-d317883 elementor-widget elementor-widget-text-editor\" data-id=\"d317883\" data-element_type=\"widget\" data-e-type=\"widget\" data-widget_type=\"text-editor.default\">\n\t\t\t\t<div class=\"elementor-widget-container\">\n\t\t\t\t\t\t\t\t\t<p><strong>1. Collection, Processing and Processing Purposes of Personal Data<\/strong><\/p>\t\t\t\t\t\t\t\t<\/div>\n\t\t\t\t<\/div>\n\t\t\t\t<div class=\"elementor-element elementor-element-b631b09 elementor-widget elementor-widget-text-editor\" data-id=\"b631b09\" data-element_type=\"widget\" data-e-type=\"widget\" data-widget_type=\"text-editor.default\">\n\t\t\t\t<div class=\"elementor-widget-container\">\n\t\t\t\t\t\t\t\t\t<p>Although your personal data may vary depending on the service, product or commercial activity provided by PROG\u0130M YALIN D\u00d6\u015e\u00dcM &amp; YAZILIM; It can be collected verbally, in writing or electronically, through automatic or non-automatic methods, offices, website, social media channels, mobile applications and similar means. As long as you benefit from the products and services of PROG\u0130M YALIN CONVERSION &amp; SOFTWARE, your personal data can be processed by creating and updating. In addition, your personal data may be processed when you use our website with the intention of using PROG\u0130M LEAN TRANSFORMATION &amp; SOFTWARE services, when you visit PROG\u0130M LEAN CONVERSION &amp; SOFTWARE or our website, and when you attend trainings, seminars or organizations organized by PROG\u0130M LEAN TRANSFORMATION &amp; SOFTWARE.<\/p><p>Your collected personal data; Making the necessary work by our units to benefit you from the products and services offered by PROG\u0130M LEAN TRANSFORMATION &amp; SOFTWARE, recommending the products and services offered by PROG\u0130M LEAN CONVERSION &amp; SOFTWARE according to your tastes, usage habits and needs, To ensure the legal and commercial security of the people who have a business relationship with LEAN TRANSFORMATION &amp; SOFTWARE, to determine and implement the commercial and business strategies of PROG\u0130M LEAN TRANSFORMATION &amp; SOFTWARE, and to ensure the execution of the human resources policies of PROG\u0130M LEAN TRANSFORMATION &amp; SOFTWARE, to our business partners, suppliers, legal may be transferred to authorized public institutions and private persons within the framework of the personal data processing conditions and purposes specified in Articles 8 and 9 of the KVK Law.<\/p>\t\t\t\t\t\t\t\t<\/div>\n\t\t\t\t<\/div>\n\t\t\t\t<div class=\"elementor-element elementor-element-c38bf71 elementor-widget elementor-widget-text-editor\" data-id=\"c38bf71\" data-element_type=\"widget\" data-e-type=\"widget\" data-widget_type=\"text-editor.default\">\n\t\t\t\t<div class=\"elementor-widget-container\">\n\t\t\t\t\t\t\t\t\t<p><strong>2. To Whom The Processed Personal Data Can Be Transferred And For What Purpose<\/strong><\/p>\t\t\t\t\t\t\t\t<\/div>\n\t\t\t\t<\/div>\n\t\t\t\t<div class=\"elementor-element elementor-element-19b9757 elementor-widget elementor-widget-text-editor\" data-id=\"19b9757\" data-element_type=\"widget\" data-e-type=\"widget\" data-widget_type=\"text-editor.default\">\n\t\t\t\t<div class=\"elementor-widget-container\">\n\t\t\t\t\t\t\t\t\t<p>Your collected personal data; Making the necessary work by our units to benefit you from the products and services offered by PROG\u0130M LEAN TRANSFORMATION &amp; SOFTWARE, recommending the products and services offered by PROG\u0130M LEAN CONVERSION &amp; SOFTWARE according to your tastes, usage habits and needs, To ensure the legal and commercial security of the people who have a business relationship with LEAN TRANSFORMATION &amp; SOFTWARE, to determine and implement the commercial and business strategies of PROG\u0130M LEAN TRANSFORMATION &amp; SOFTWARE, and to ensure the execution of the human resources policies of PROG\u0130M LEAN TRANSFORMATION &amp; SOFTWARE, to our business partners, suppliers, legal may be transferred to authorized public institutions and private persons within the framework of the personal data processing conditions and purposes specified in Articles 8 and 9 of the KVK Law.<\/p>\t\t\t\t\t\t\t\t<\/div>\n\t\t\t\t<\/div>\n\t\t\t\t<div class=\"elementor-element elementor-element-f859696 elementor-widget elementor-widget-text-editor\" data-id=\"f859696\" data-element_type=\"widget\" data-e-type=\"widget\" data-widget_type=\"text-editor.default\">\n\t\t\t\t<div class=\"elementor-widget-container\">\n\t\t\t\t\t\t\t\t\t<p><strong>3. Method and Legal Reason for Personal Data Collection<\/strong><\/p>\t\t\t\t\t\t\t\t<\/div>\n\t\t\t\t<\/div>\n\t\t\t\t<div class=\"elementor-element elementor-element-1a0fa3e elementor-widget elementor-widget-text-editor\" data-id=\"1a0fa3e\" data-element_type=\"widget\" data-e-type=\"widget\" data-widget_type=\"text-editor.default\">\n\t\t\t\t<div class=\"elementor-widget-container\">\n\t\t\t\t\t\t\t\t\t<p>Your personal data, in all kinds of verbal, written or electronic media, in line with the above-mentioned purposes, to be able to present the products and services offered by PROG\u0130M YALIN D\u00d6N\u00dc\u015e\u00dcM &amp; YAZILIM within the determined legal framework, and in this context, PROG\u0130M YALIN D\u00d6N\u00dc\u015e\u00dcM &amp; YAZILIM's contractual and legal responsibilities are fully and accurately acquired for the purpose of fulfilling it in a way. Your personal data collected for this legal reason can also be processed and transferred for the purposes specified in articles (1) and (2) of this text, within the scope of the personal data processing conditions and purposes specified in Articles 5 and 6 of the KVK Law.<\/p>\t\t\t\t\t\t\t\t<\/div>\n\t\t\t\t<\/div>\n\t\t\t\t<div class=\"elementor-element elementor-element-73e3e0d elementor-widget elementor-widget-text-editor\" data-id=\"73e3e0d\" data-element_type=\"widget\" data-e-type=\"widget\" data-widget_type=\"text-editor.default\">\n\t\t\t\t<div class=\"elementor-widget-container\">\n\t\t\t\t\t\t\t\t\t<p><strong>4. Rights of the Personal Data Owner Enumerated in Article 11 of the KVK Law<\/strong><\/p>\t\t\t\t\t\t\t\t<\/div>\n\t\t\t\t<\/div>\n\t\t\t\t<div class=\"elementor-element elementor-element-7d28cce elementor-widget elementor-widget-text-editor\" data-id=\"7d28cce\" data-element_type=\"widget\" data-e-type=\"widget\" data-widget_type=\"text-editor.default\">\n\t\t\t\t<div class=\"elementor-widget-container\">\n\t\t\t\t\t\t\t\t\t<p>As personal data owners, if you submit your requests regarding your rights to PROG\u0130M YALIN D\u00d6N\u00dc\u015e\u00dcM &amp; YAZILIM using the methods set out below, PROG\u0130M YALIN D\u00d6N\u00dc\u015e\u00dcM &amp; YAZILIM will finalize the request free of charge as soon as possible and within thirty days at the latest, depending on the nature of the request. However, if the transaction requires an additional cost, the fee in the tariff determined by the Personal Data Protection Board will be charged by PROG\u0130M YALIN D\u00d6N\u00dc\u015e\u00dcM &amp; YAZILIM.<\/p><p>In this context, personal data owners;<\/p>\t\t\t\t\t\t\t\t<\/div>\n\t\t\t\t<\/div>\n\t\t\t\t<div class=\"elementor-element elementor-element-b5f8ce8 elementor-widget elementor-widget-text-editor\" data-id=\"b5f8ce8\" data-element_type=\"widget\" data-e-type=\"widget\" data-widget_type=\"text-editor.default\">\n\t\t\t\t<div class=\"elementor-widget-container\">\n\t\t\t\t\t\t\t\t\t<ul><li>Learning whether personal data is processed or not,<\/li><li>If personal data has been processed, requesting information about it,<\/li><li>Learning the purpose of processing personal data and whether they are used in accordance with its purpose,<\/li><li>Knowing the third parties to whom personal data is transferred at home or abroad,<\/li><li>Requesting correction of personal data in case of incomplete or incorrect processing and requesting notification of the transaction made within this scope to the third parties to whom the personal data has been transferred,<\/li><li>Requesting the deletion or destruction of personal data in the event that the reasons requiring processing are eliminated, although it has been processed in accordance with the provisions of the Law No. 6698 and other relevant laws, and requesting the notification of the transaction made within this scope to the third parties to whom the personal data has been transferred.<\/li><\/ul>\t\t\t\t\t\t\t\t<\/div>\n\t\t\t\t<\/div>\n\t\t\t\t<div class=\"elementor-element elementor-element-a17d2f3 elementor-widget elementor-widget-text-editor\" data-id=\"a17d2f3\" data-element_type=\"widget\" data-e-type=\"widget\" data-widget_type=\"text-editor.default\">\n\t\t\t\t<div class=\"elementor-widget-container\">\n\t\t\t\t\t\t\t\t\t<p>Pursuant to paragraph 1 of Article 13 of the Law No. 6698, you can send your request regarding the exercise of your above-mentioned rights to PROG\u0130M YALIN D\u00d6\u015e\u00dcM &amp; YAZILIM in writing or by other methods determined by the Personal Data Protection Board. Since the Personal Data Protection Board has not determined any method at this stage, you must submit your application in writing to PROG\u0130M YALIN D\u00d6\u015e\u00dcM &amp; YAZILIM in accordance with the Law No. 6698.<\/p>\t\t\t\t\t\t\t\t<\/div>\n\t\t\t\t<\/div>\n\t\t\t\t<div class=\"elementor-element elementor-element-edd5fc2 elementor-widget elementor-widget-text-editor\" data-id=\"edd5fc2\" data-element_type=\"widget\" data-e-type=\"widget\" data-widget_type=\"text-editor.default\">\n\t\t\t\t<div class=\"elementor-widget-container\">\n\t\t\t\t\t\t\t\t\t<p style=\"text-align: left;\"><a href=\"http:\/\/&lt;a href=&quot;mailto:info@progimyalin.com.tr&quot;&gt;\" data-wplink-url-error=\"true\">info@progimyalin.com.tr<\/a><\/p>\t\t\t\t\t\t\t\t<\/div>\n\t\t\t\t<\/div>\n\t\t\t\t\t<\/div>\n\t\t<\/div>\n\t\t\t\t\t<\/div>\n\t\t<\/div>\n\t\t\t\t<section class=\"elementor-section elementor-top-section elementor-element elementor-element-fcbf221 elementor-section-boxed elementor-section-height-default elementor-section-height-default\" data-id=\"fcbf221\" data-element_type=\"section\" data-e-type=\"section\">\n\t\t\t\t\t\t<div class=\"elementor-container elementor-column-gap-default\">\n\t\t\t\t\t<div class=\"elementor-column elementor-col-100 elementor-top-column elementor-element elementor-element-3aa9056\" data-id=\"3aa9056\" data-element_type=\"column\" data-e-type=\"column\">\n\t\t\t<div class=\"elementor-widget-wrap elementor-element-populated\">\n\t\t\t\t\t\t<div class=\"elementor-element elementor-element-7b18808 elementor-widget elementor-widget-spacer\" data-id=\"7b18808\" data-element_type=\"widget\" data-e-type=\"widget\" data-widget_type=\"spacer.default\">\n\t\t\t\t<div class=\"elementor-widget-container\">\n\t\t\t\t\t\t\t<div class=\"elementor-spacer\">\n\t\t\t<div class=\"elementor-spacer-inner\"><\/div>\n\t\t<\/div>\n\t\t\t\t\t\t<\/div>\n\t\t\t\t<\/div>\n\t\t\t\t\t<\/div>\n\t\t<\/div>\n\t\t\t\t\t<\/div>\n\t\t<\/section>\n\t\t\t\t<\/div>","protected":false},"excerpt":{"rendered":"<p>Ki\u015fisel Verilerin Korunmas\u0131 Kanunu Ki\u015fisel Verilerin Korunmas\u0131 Progim Yal\u0131n D\u00f6n\u00fc\u015f\u00fcm &amp; Yaz\u0131l\u0131m San. Tic. Ltd. \u015eti. (&#8220;Progim Yal\u0131n D\u00f6n\u00fc\u015f\u00fcm &amp; Yaz\u0131l\u0131m&#8221;) olarak ki\u015fisel verilerinizin g\u00fcvenli\u011fi hususuna azami hassasiyet g\u00f6stermekteyiz. Bu bilin\u00e7le, ProgimYal\u0131nD\u00f6n\u00fc\u015f\u00fcm olarak \u00fcr\u00fcn ve hizmetlerimizden faydalanan ki\u015filer d\u00e2hil, ili\u015fkili t\u00fcm \u015fah\u0131slara ait her [&hellip;]<\/p>","protected":false},"author":4,"featured_media":0,"parent":0,"menu_order":0,"comment_status":"closed","ping_status":"closed","template":"elementor_header_footer","meta":{"footnotes":""},"class_list":["post-12673","page","type-page","status-publish","hentry"],"_links":{"self":[{"href":"https:\/\/progimyalin.com.tr\/en\/wp-json\/wp\/v2\/pages\/12673","targetHints":{"allow":["GET"]}}],"collection":[{"href":"https:\/\/progimyalin.com.tr\/en\/wp-json\/wp\/v2\/pages"}],"about":[{"href":"https:\/\/progimyalin.com.tr\/en\/wp-json\/wp\/v2\/types\/page"}],"author":[{"embeddable":true,"href":"https:\/\/progimyalin.com.tr\/en\/wp-json\/wp\/v2\/users\/4"}],"replies":[{"embeddable":true,"href":"https:\/\/progimyalin.com.tr\/en\/wp-json\/wp\/v2\/comments?post=12673"}],"version-history":[{"count":9,"href":"https:\/\/progimyalin.com.tr\/en\/wp-json\/wp\/v2\/pages\/12673\/revisions"}],"predecessor-version":[{"id":29493,"href":"https:\/\/progimyalin.com.tr\/en\/wp-json\/wp\/v2\/pages\/12673\/revisions\/29493"}],"wp:attachment":[{"href":"https:\/\/progimyalin.com.tr\/en\/wp-json\/wp\/v2\/media?parent=12673"}],"curies":[{"name":"wp","href":"https:\/\/api.w.org\/{rel}","templated":true}]}}