{"id":22354,"date":"2024-09-06T10:29:43","date_gmt":"2024-09-06T07:29:43","guid":{"rendered":"https:\/\/progimyalin.com.tr\/?page_id=22354"},"modified":"2025-09-24T17:18:48","modified_gmt":"2025-09-24T14:18:48","slug":"yalin-uretim-simulasyonu","status":"publish","type":"page","link":"https:\/\/progimyalin.com.tr\/en\/lean-production-simulation\/","title":{"rendered":"Lean Production Simulation"},"content":{"rendered":"<div data-elementor-type=\"wp-post\" data-elementor-id=\"22354\" class=\"elementor elementor-22354\">\n\t\t\t\t\t\t<section class=\"elementor-section elementor-top-section elementor-element elementor-element-e46b811 elementor-section-height-min-height elementor-section-boxed elementor-section-height-default elementor-section-items-middle\" data-id=\"e46b811\" data-element_type=\"section\" data-e-type=\"section\" data-settings=\"{&quot;background_background&quot;:&quot;classic&quot;}\">\n\t\t\t\t\t\t\t<div class=\"elementor-background-overlay\"><\/div>\n\t\t\t\t\t\t\t<div class=\"elementor-container elementor-column-gap-default\">\n\t\t\t\t\t<div class=\"elementor-column elementor-col-100 elementor-top-column elementor-element elementor-element-a27e2ed\" data-id=\"a27e2ed\" data-element_type=\"column\" data-e-type=\"column\">\n\t\t\t<div class=\"elementor-widget-wrap\">\n\t\t\t\t\t\t\t<\/div>\n\t\t<\/div>\n\t\t\t\t\t<\/div>\n\t\t<\/section>\n\t\t\t\t<section class=\"elementor-section elementor-top-section elementor-element elementor-element-1ef59037 elementor-section-height-min-height elementor-section-content-middle elementor-section-boxed elementor-section-height-default elementor-section-items-middle\" data-id=\"1ef59037\" data-element_type=\"section\" data-e-type=\"section\" data-settings=\"{&quot;background_background&quot;:&quot;classic&quot;}\">\n\t\t\t\t\t\t<div class=\"elementor-container elementor-column-gap-default\">\n\t\t\t\t\t<div class=\"elementor-column elementor-col-50 elementor-top-column elementor-element elementor-element-17a105b5\" data-id=\"17a105b5\" data-element_type=\"column\" data-e-type=\"column\">\n\t\t\t<div class=\"elementor-widget-wrap elementor-element-populated\">\n\t\t\t\t\t\t<div class=\"elementor-element elementor-element-7a414eda elementor-widget-divider--view-line elementor-widget elementor-widget-divider\" data-id=\"7a414eda\" data-element_type=\"widget\" data-e-type=\"widget\" data-widget_type=\"divider.default\">\n\t\t\t\t<div class=\"elementor-widget-container\">\n\t\t\t\t\t\t\t<div class=\"elementor-divider\">\n\t\t\t<span class=\"elementor-divider-separator\">\n\t\t\t\t\t\t<\/span>\n\t\t<\/div>\n\t\t\t\t\t\t<\/div>\n\t\t\t\t<\/div>\n\t\t\t\t<div class=\"elementor-element elementor-element-30819b0 elementor-widget elementor-widget-heading\" data-id=\"30819b0\" data-element_type=\"widget\" data-e-type=\"widget\" data-widget_type=\"heading.default\">\n\t\t\t\t<div class=\"elementor-widget-container\">\n\t\t\t\t\t<h1 class=\"elementor-heading-title elementor-size-default\">LEAN PRODUCTION TRAININGS WITH MODEL FACTORY SIMULATION<\/h1>\t\t\t\t<\/div>\n\t\t\t\t<\/div>\n\t\t\t\t<div class=\"elementor-element elementor-element-35bc222e elementor-widget elementor-widget-text-editor\" data-id=\"35bc222e\" data-element_type=\"widget\" data-e-type=\"widget\" data-widget_type=\"text-editor.default\">\n\t\t\t\t<div class=\"elementor-widget-container\">\n\t\t\t\t\t\t\t\t\t<p>Before or after the decision to switch to the lean production system, the employees of the business can show resistance for many reasons. These resistances can be at any level, from top management to blue-collar workers.<\/p><p>Through the \"Model Factory Simulation\", we aim to create awareness about the benefits of transitioning to \"Lean Production\" for the participants. The participants experience and learn about the production conditions and cost changes before and after \"Lean Production\" as if they were in a real factory.<\/p>\t\t\t\t\t\t\t\t<\/div>\n\t\t\t\t<\/div>\n\t\t\t\t<div class=\"elementor-element elementor-element-d836eb9 elementor-widget elementor-widget-text-editor\" data-id=\"d836eb9\" data-element_type=\"widget\" data-e-type=\"widget\" data-widget_type=\"text-editor.default\">\n\t\t\t\t<div class=\"elementor-widget-container\">\n\t\t\t\t\t\t\t\t\t<p class=\" translation-block\"><b>Lean Production Simulation<\/b>, During the entire day of training, participants are in 3 separate scenarios in which lean pre-production and post is animated; they are playing \u201cLean Factory Simulation\u201d game. Each participant,<b> planner-warehouse-fitter-calitician-manager<\/b>, by acting in positions such as manager, is performing \u201cLawn Mower\u201d production as if they were in a real factory.<\/p>\t\t\t\t\t\t\t\t<\/div>\n\t\t\t\t<\/div>\n\t\t\t\t\t<\/div>\n\t\t<\/div>\n\t\t\t\t<div class=\"elementor-column elementor-col-50 elementor-top-column elementor-element elementor-element-beebed6\" data-id=\"beebed6\" data-element_type=\"column\" data-e-type=\"column\">\n\t\t\t<div class=\"elementor-widget-wrap elementor-element-populated\">\n\t\t\t\t\t\t<div class=\"elementor-element elementor-element-9825f2e elementor-widget elementor-widget-image\" data-id=\"9825f2e\" data-element_type=\"widget\" data-e-type=\"widget\" data-widget_type=\"image.default\">\n\t\t\t\t<div class=\"elementor-widget-container\">\n\t\t\t\t\t\t\t\t\t\t\t\t\t\t\t\t<a href=\"https:\/\/progimyalin.com.tr\/wp-content\/uploads\/2022\/10\/oyun-foto-kizlar-scaled.jpg\" data-elementor-open-lightbox=\"yes\" data-elementor-lightbox-title=\"yal\u0131n_\u00fcretim_oyunu\" data-e-action-hash=\"#elementor-action%3Aaction%3Dlightbox%26settings%3DeyJpZCI6MjE4ODAsInVybCI6Imh0dHBzOlwvXC9wcm9naW15YWxpbi5jb20udHJcL3dwLWNvbnRlbnRcL3VwbG9hZHNcLzIwMjJcLzEwXC9veXVuLWZvdG8ta2l6bGFyLXNjYWxlZC5qcGcifQ%3D%3D\">\n\t\t\t\t\t\t\t<img fetchpriority=\"high\" decoding=\"async\" width=\"2560\" height=\"1185\" src=\"https:\/\/progimyalin.com.tr\/wp-content\/uploads\/2022\/10\/oyun-foto-kizlar-scaled.jpg\" class=\"attachment-full size-full wp-image-21880\" alt=\"yal\u0131n_\u00fcretim_oyunu\" srcset=\"https:\/\/progimyalin.com.tr\/wp-content\/uploads\/2022\/10\/oyun-foto-kizlar-scaled.jpg 2560w, https:\/\/progimyalin.com.tr\/wp-content\/uploads\/2022\/10\/oyun-foto-kizlar-300x139.jpg 300w, https:\/\/progimyalin.com.tr\/wp-content\/uploads\/2022\/10\/oyun-foto-kizlar-1024x474.jpg 1024w, https:\/\/progimyalin.com.tr\/wp-content\/uploads\/2022\/10\/oyun-foto-kizlar-768x356.jpg 768w, https:\/\/progimyalin.com.tr\/wp-content\/uploads\/2022\/10\/oyun-foto-kizlar-1536x711.jpg 1536w, https:\/\/progimyalin.com.tr\/wp-content\/uploads\/2022\/10\/oyun-foto-kizlar-2048x948.jpg 2048w, https:\/\/progimyalin.com.tr\/wp-content\/uploads\/2022\/10\/oyun-foto-kizlar-500x232.jpg 500w, https:\/\/progimyalin.com.tr\/wp-content\/uploads\/2022\/10\/oyun-foto-kizlar-800x370.jpg 800w, https:\/\/progimyalin.com.tr\/wp-content\/uploads\/2022\/10\/oyun-foto-kizlar-1280x593.jpg 1280w, https:\/\/progimyalin.com.tr\/wp-content\/uploads\/2022\/10\/oyun-foto-kizlar-1920x889.jpg 1920w, https:\/\/progimyalin.com.tr\/wp-content\/uploads\/2022\/10\/oyun-foto-kizlar-850x394.jpg 850w, https:\/\/progimyalin.com.tr\/wp-content\/uploads\/2022\/10\/oyun-foto-kizlar-250x116.jpg 250w, https:\/\/progimyalin.com.tr\/wp-content\/uploads\/2022\/10\/oyun-foto-kizlar-350x162.jpg 350w, https:\/\/progimyalin.com.tr\/wp-content\/uploads\/2022\/10\/oyun-foto-kizlar-48x22.jpg 48w, https:\/\/progimyalin.com.tr\/wp-content\/uploads\/2022\/10\/oyun-foto-kizlar-36x17.jpg 36w\" sizes=\"(max-width: 2560px) 100vw, 2560px\" \/>\t\t\t\t\t\t\t\t<\/a>\n\t\t\t\t\t\t\t\t\t\t\t\t\t\t\t<\/div>\n\t\t\t\t<\/div>\n\t\t\t\t<div class=\"elementor-element elementor-element-19c2bf9 elementor-widget elementor-widget-heading\" data-id=\"19c2bf9\" data-element_type=\"widget\" data-e-type=\"widget\" data-widget_type=\"heading.default\">\n\t\t\t\t<div class=\"elementor-widget-container\">\n\t\t\t\t\t<h2 class=\"elementor-heading-title elementor-size-default\">TO LIVE LEAN<\/h2>\t\t\t\t<\/div>\n\t\t\t\t<\/div>\n\t\t\t\t<div class=\"elementor-element elementor-element-38cca5f elementor-widget elementor-widget-text-editor\" data-id=\"38cca5f\" data-element_type=\"widget\" data-e-type=\"widget\" data-widget_type=\"text-editor.default\">\n\t\t\t\t<div class=\"elementor-widget-container\">\n\t\t\t\t\t\t\t\t\t<p><a href=\"https:\/\/youtu.be\/Xfn3s7r4xbw\" target=\"_blank\" rel=\"noopener\">Progim Lean Transformation &amp; Software<\/a>\u00a0 General Manager, Engin Ero\u011flu, after the theoretical training before the simulation game; In the first round, the team produces a 'Lawnmower' according to the traditional workflow, using 'Kanban' in the second round and an additional 'One Piece Flow' in the third round.<\/p>\t\t\t\t\t\t\t\t<\/div>\n\t\t\t\t<\/div>\n\t\t\t\t\t<\/div>\n\t\t<\/div>\n\t\t\t\t\t<\/div>\n\t\t<\/section>\n\t\t\t\t<section class=\"elementor-section elementor-top-section elementor-element elementor-element-c2d6f04 elementor-section-boxed elementor-section-height-default elementor-section-height-default\" data-id=\"c2d6f04\" data-element_type=\"section\" data-e-type=\"section\">\n\t\t\t\t\t\t<div class=\"elementor-container elementor-column-gap-default\">\n\t\t\t\t\t<div class=\"elementor-column elementor-col-100 elementor-top-column elementor-element elementor-element-0f2985c\" data-id=\"0f2985c\" data-element_type=\"column\" data-e-type=\"column\">\n\t\t\t<div class=\"elementor-widget-wrap elementor-element-populated\">\n\t\t\t\t\t\t<div class=\"elementor-element elementor-element-11ad08a elementor-widget elementor-widget-video\" data-id=\"11ad08a\" data-element_type=\"widget\" data-e-type=\"widget\" data-settings=\"{&quot;youtube_url&quot;:&quot;https:\\\/\\\/youtu.be\\\/Jm-gpOclrgU&quot;,&quot;video_type&quot;:&quot;youtube&quot;,&quot;controls&quot;:&quot;yes&quot;}\" data-widget_type=\"video.default\">\n\t\t\t\t<div class=\"elementor-widget-container\">\n\t\t\t\t\t\t\t<div class=\"elementor-wrapper elementor-open-inline\">\n\t\t\t<div class=\"elementor-video\"><\/div>\t\t<\/div>\n\t\t\t\t\t\t<\/div>\n\t\t\t\t<\/div>\n\t\t\t\t\t<\/div>\n\t\t<\/div>\n\t\t\t\t\t<\/div>\n\t\t<\/section>\n\t\t\t\t<section class=\"elementor-section elementor-top-section elementor-element elementor-element-4c657346 elementor-section-height-min-height elementor-section-content-space-around elementor-reverse-mobile elementor-section-boxed elementor-section-height-default elementor-section-items-middle\" data-id=\"4c657346\" data-element_type=\"section\" data-e-type=\"section\" data-settings=\"{&quot;background_background&quot;:&quot;none&quot;}\">\n\t\t\t\t\t\t<div class=\"elementor-container elementor-column-gap-default\">\n\t\t\t\t\t<div class=\"elementor-column elementor-col-50 elementor-top-column elementor-element elementor-element-52eae091\" data-id=\"52eae091\" data-element_type=\"column\" data-e-type=\"column\">\n\t\t\t<div class=\"elementor-widget-wrap elementor-element-populated\">\n\t\t\t\t\t\t<div class=\"elementor-element elementor-element-6355e9a5 elementor-widget elementor-widget-image\" data-id=\"6355e9a5\" data-element_type=\"widget\" data-e-type=\"widget\" data-widget_type=\"image.default\">\n\t\t\t\t<div class=\"elementor-widget-container\">\n\t\t\t\t\t\t\t\t\t\t\t\t\t\t\t\t<a href=\"https:\/\/progimyalin.com.tr\/wp-content\/uploads\/2022\/10\/yalin-uretim-simulasyonu.jpg\" data-elementor-open-lightbox=\"yes\" data-elementor-lightbox-title=\"yalin \u00fcretim sim\u00fclasyonu\" data-e-action-hash=\"#elementor-action%3Aaction%3Dlightbox%26settings%3DeyJpZCI6MjIzODYsInVybCI6Imh0dHBzOlwvXC9wcm9naW15YWxpbi5jb20udHJcL3dwLWNvbnRlbnRcL3VwbG9hZHNcLzIwMjJcLzEwXC95YWxpbi11cmV0aW0tc2ltdWxhc3lvbnUuanBnIn0%3D\">\n\t\t\t\t\t\t\t<img decoding=\"async\" width=\"2048\" height=\"1109\" data-src=\"https:\/\/progimyalin.com.tr\/wp-content\/uploads\/2022\/10\/yalin-uretim-simulasyonu.jpg\" class=\"attachment-full size-full wp-image-22386 lazyload\" alt=\"yalin \u00fcretim sim\u00fclasyonu\" data-srcset=\"https:\/\/progimyalin.com.tr\/wp-content\/uploads\/2022\/10\/yalin-uretim-simulasyonu.jpg 2048w, https:\/\/progimyalin.com.tr\/wp-content\/uploads\/2022\/10\/yalin-uretim-simulasyonu-300x162.jpg 300w, https:\/\/progimyalin.com.tr\/wp-content\/uploads\/2022\/10\/yalin-uretim-simulasyonu-1024x555.jpg 1024w, https:\/\/progimyalin.com.tr\/wp-content\/uploads\/2022\/10\/yalin-uretim-simulasyonu-768x416.jpg 768w, https:\/\/progimyalin.com.tr\/wp-content\/uploads\/2022\/10\/yalin-uretim-simulasyonu-1536x832.jpg 1536w, https:\/\/progimyalin.com.tr\/wp-content\/uploads\/2022\/10\/yalin-uretim-simulasyonu-500x271.jpg 500w, https:\/\/progimyalin.com.tr\/wp-content\/uploads\/2022\/10\/yalin-uretim-simulasyonu-800x433.jpg 800w, https:\/\/progimyalin.com.tr\/wp-content\/uploads\/2022\/10\/yalin-uretim-simulasyonu-1280x693.jpg 1280w, https:\/\/progimyalin.com.tr\/wp-content\/uploads\/2022\/10\/yalin-uretim-simulasyonu-1920x1040.jpg 1920w, https:\/\/progimyalin.com.tr\/wp-content\/uploads\/2022\/10\/yalin-uretim-simulasyonu-850x460.jpg 850w, https:\/\/progimyalin.com.tr\/wp-content\/uploads\/2022\/10\/yalin-uretim-simulasyonu-250x135.jpg 250w, https:\/\/progimyalin.com.tr\/wp-content\/uploads\/2022\/10\/yalin-uretim-simulasyonu-350x190.jpg 350w, https:\/\/progimyalin.com.tr\/wp-content\/uploads\/2022\/10\/yalin-uretim-simulasyonu-48x26.jpg 48w, https:\/\/progimyalin.com.tr\/wp-content\/uploads\/2022\/10\/yalin-uretim-simulasyonu-36x19.jpg 36w\" data-sizes=\"(max-width: 2048px) 100vw, 2048px\" src=\"data:image\/svg+xml;base64,PHN2ZyB3aWR0aD0iMSIgaGVpZ2h0PSIxIiB4bWxucz0iaHR0cDovL3d3dy53My5vcmcvMjAwMC9zdmciPjwvc3ZnPg==\" style=\"--smush-placeholder-width: 2048px; --smush-placeholder-aspect-ratio: 2048\/1109;\" \/>\t\t\t\t\t\t\t\t<\/a>\n\t\t\t\t\t\t\t\t\t\t\t\t\t\t\t<\/div>\n\t\t\t\t<\/div>\n\t\t\t\t<div class=\"elementor-element elementor-element-baf6387 elementor-widget elementor-widget-image\" data-id=\"baf6387\" data-element_type=\"widget\" data-e-type=\"widget\" data-widget_type=\"image.default\">\n\t\t\t\t<div class=\"elementor-widget-container\">\n\t\t\t\t\t\t\t\t\t\t\t\t\t\t\t<img decoding=\"async\" width=\"1024\" height=\"803\" data-src=\"https:\/\/progimyalin.com.tr\/wp-content\/uploads\/2022\/10\/KALDER-Soleni-1024x803.png\" class=\"attachment-large size-large wp-image-22092 lazyload\" alt=\"KALDER \u015e\u00f6leni\" data-srcset=\"https:\/\/progimyalin.com.tr\/wp-content\/uploads\/2022\/10\/KALDER-Soleni-1024x803.png 1024w, https:\/\/progimyalin.com.tr\/wp-content\/uploads\/2022\/10\/KALDER-Soleni-300x235.png 300w, https:\/\/progimyalin.com.tr\/wp-content\/uploads\/2022\/10\/KALDER-Soleni-768x602.png 768w, https:\/\/progimyalin.com.tr\/wp-content\/uploads\/2022\/10\/KALDER-Soleni-1536x1204.png 1536w, https:\/\/progimyalin.com.tr\/wp-content\/uploads\/2022\/10\/KALDER-Soleni-500x392.png 500w, https:\/\/progimyalin.com.tr\/wp-content\/uploads\/2022\/10\/KALDER-Soleni-800x627.png 800w, https:\/\/progimyalin.com.tr\/wp-content\/uploads\/2022\/10\/KALDER-Soleni-1280x1004.png 1280w, https:\/\/progimyalin.com.tr\/wp-content\/uploads\/2022\/10\/KALDER-Soleni-1920x1505.png 1920w, https:\/\/progimyalin.com.tr\/wp-content\/uploads\/2022\/10\/KALDER-Soleni-850x666.png 850w, https:\/\/progimyalin.com.tr\/wp-content\/uploads\/2022\/10\/KALDER-Soleni-250x196.png 250w, https:\/\/progimyalin.com.tr\/wp-content\/uploads\/2022\/10\/KALDER-Soleni-350x274.png 350w, https:\/\/progimyalin.com.tr\/wp-content\/uploads\/2022\/10\/KALDER-Soleni-48x38.png 48w, https:\/\/progimyalin.com.tr\/wp-content\/uploads\/2022\/10\/KALDER-Soleni-36x28.png 36w, https:\/\/progimyalin.com.tr\/wp-content\/uploads\/2022\/10\/KALDER-Soleni.png 1959w\" data-sizes=\"(max-width: 1024px) 100vw, 1024px\" src=\"data:image\/svg+xml;base64,PHN2ZyB3aWR0aD0iMSIgaGVpZ2h0PSIxIiB4bWxucz0iaHR0cDovL3d3dy53My5vcmcvMjAwMC9zdmciPjwvc3ZnPg==\" style=\"--smush-placeholder-width: 1024px; --smush-placeholder-aspect-ratio: 1024\/803;\" \/>\t\t\t\t\t\t\t\t\t\t\t\t\t\t\t<\/div>\n\t\t\t\t<\/div>\n\t\t\t\t\t<\/div>\n\t\t<\/div>\n\t\t\t\t<div class=\"elementor-column elementor-col-50 elementor-top-column elementor-element elementor-element-216b2484\" data-id=\"216b2484\" data-element_type=\"column\" data-e-type=\"column\">\n\t\t\t<div class=\"elementor-widget-wrap elementor-element-populated\">\n\t\t\t\t\t\t<div class=\"elementor-element elementor-element-3c365235 elementor-widget-divider--view-line elementor-widget elementor-widget-divider\" data-id=\"3c365235\" data-element_type=\"widget\" data-e-type=\"widget\" data-widget_type=\"divider.default\">\n\t\t\t\t<div class=\"elementor-widget-container\">\n\t\t\t\t\t\t\t<div class=\"elementor-divider\">\n\t\t\t<span class=\"elementor-divider-separator\">\n\t\t\t\t\t\t<\/span>\n\t\t<\/div>\n\t\t\t\t\t\t<\/div>\n\t\t\t\t<\/div>\n\t\t\t\t<div class=\"elementor-element elementor-element-0be49f0 elementor-widget elementor-widget-heading\" data-id=\"0be49f0\" data-element_type=\"widget\" data-e-type=\"widget\" data-widget_type=\"heading.default\">\n\t\t\t\t<div class=\"elementor-widget-container\">\n\t\t\t\t\t<h2 class=\"elementor-heading-title elementor-size-default\">Production conditions and cost changes before and after \u201cLean Production\u201d<\/h2>\t\t\t\t<\/div>\n\t\t\t\t<\/div>\n\t\t\t\t<div class=\"elementor-element elementor-element-50c1eea9 elementor-widget elementor-widget-text-editor\" data-id=\"50c1eea9\" data-element_type=\"widget\" data-e-type=\"widget\" data-widget_type=\"text-editor.default\">\n\t\t\t\t<div class=\"elementor-widget-container\">\n\t\t\t\t\t\t\t\t\t<p>Playing Lean Manufacturing Simulation, the team stays at a loss in the first round, but succeeds in making much more products in the second round and the third round, putting the company in high profits.<\/p><p>Thus, the participants learn by experiencing the Lean Manufacturing Techniques and how successful results are obtained, especially with the good implementation of Kanban and Single Piece Flow.<\/p><p><strong>Progim General Manager, Engin Ero\u011flu, gave the theoretical training before the simulation game.<\/strong><\/p><ul><li><a href=\"https:\/\/progimyalin.com.tr\/en\/lean-production\/\">Lean Production Concept<\/a><\/li><li><a href=\"https:\/\/progimyalin.com.tr\/en\/tpm-total-productive-maintenance\/\" target=\"_blank\" rel=\"noopener\">Lead Time<\/a><\/li><li><a href=\"https:\/\/progimyalin.com.tr\/en\/production-scheduling-software\/\">7 Waste<\/a><\/li><li><a href=\"https:\/\/progimyalin.com.tr\/en\/production-management\/\">Just in Time<\/a><\/li><li><a href=\"https:\/\/progimyalin.com.tr\/en\/tpm-total-productive-maintenance\/\">Takt Time<\/a><\/li><li><a href=\"https:\/\/progimyalin.com.tr\/en\/contact\/\">One Piece Flow<\/a><\/li><li><a href=\"https:\/\/progimyalin.com.tr\/en\/news\/\">Pull System<\/a><\/li><li><a href=\"https:\/\/progimyalin.com.tr\/en\/about-us\/\">Kanban<\/a><\/li><li><a href=\"https:\/\/progimyalin.com.tr\/en\/yalin-uretim-egitimleri\/\">5S and Kaizen<\/a><\/li><\/ul><p>informs the participants.<\/p>\t\t\t\t\t\t\t\t<\/div>\n\t\t\t\t<\/div>\n\t\t\t\t\t<\/div>\n\t\t<\/div>\n\t\t\t\t\t<\/div>\n\t\t<\/section>\n\t\t\t\t<\/div>","protected":false},"excerpt":{"rendered":"<p>YALIN FABR\u0130KA S\u0130M\u00dcLASYONU \u0130LE YALIN \u00dcRET\u0130M E\u011e\u0130T\u0130MLER\u0130 Yal\u0131n \u00fcretim sistemine ge\u00e7me karar\u0131 almadan \u00f6nce veya ald\u0131ktan sonraki uygulamalar s\u0131ras\u0131nda i\u015fletme \u00e7al\u0131\u015fanlar\u0131 bir\u00e7ok sebepten dolay\u0131 s\u00fcrekli diren\u00e7 g\u00f6sterebilmektedirler. Bu diren\u00e7ler en tepe y\u00f6netimden mavi yakal\u0131 \u00e7al\u0131\u015fanlara kadar her seviyede olabilmektedir. \u201cYal\u0131n Fabrika Sim\u00fclasyonu\u201d ile, kat\u0131l\u0131mc\u0131larda [&hellip;]<\/p>","protected":false},"author":4,"featured_media":0,"parent":0,"menu_order":0,"comment_status":"closed","ping_status":"closed","template":"elementor_header_footer","meta":{"footnotes":""},"class_list":["post-22354","page","type-page","status-publish","hentry"],"_links":{"self":[{"href":"https:\/\/progimyalin.com.tr\/en\/wp-json\/wp\/v2\/pages\/22354","targetHints":{"allow":["GET"]}}],"collection":[{"href":"https:\/\/progimyalin.com.tr\/en\/wp-json\/wp\/v2\/pages"}],"about":[{"href":"https:\/\/progimyalin.com.tr\/en\/wp-json\/wp\/v2\/types\/page"}],"author":[{"embeddable":true,"href":"https:\/\/progimyalin.com.tr\/en\/wp-json\/wp\/v2\/users\/4"}],"replies":[{"embeddable":true,"href":"https:\/\/progimyalin.com.tr\/en\/wp-json\/wp\/v2\/comments?post=22354"}],"version-history":[{"count":6,"href":"https:\/\/progimyalin.com.tr\/en\/wp-json\/wp\/v2\/pages\/22354\/revisions"}],"predecessor-version":[{"id":29723,"href":"https:\/\/progimyalin.com.tr\/en\/wp-json\/wp\/v2\/pages\/22354\/revisions\/29723"}],"wp:attachment":[{"href":"https:\/\/progimyalin.com.tr\/en\/wp-json\/wp\/v2\/media?parent=22354"}],"curies":[{"name":"wp","href":"https:\/\/api.w.org\/{rel}","templated":true}]}}