{"id":301,"date":"2024-09-06T10:29:55","date_gmt":"2024-09-06T07:29:55","guid":{"rendered":"http:\/\/progimyalin.com.tr\/?page_id=301"},"modified":"2024-09-06T10:38:55","modified_gmt":"2024-09-06T07:38:55","slug":"uretim-yonetimi","status":"publish","type":"page","link":"https:\/\/progimyalin.com.tr\/en\/production-management\/","title":{"rendered":"Production Management"},"content":{"rendered":"<div data-elementor-type=\"wp-post\" data-elementor-id=\"301\" class=\"elementor elementor-301\">\n\t\t\t\t\t\t<section class=\"elementor-section elementor-top-section elementor-element elementor-element-52e69e38 elementor-section-boxed elementor-section-height-default elementor-section-height-default\" data-id=\"52e69e38\" data-element_type=\"section\" data-e-type=\"section\">\n\t\t\t\t\t\t<div class=\"elementor-container elementor-column-gap-default\">\n\t\t\t\t\t<div class=\"elementor-column elementor-col-100 elementor-top-column elementor-element elementor-element-30ab124d\" data-id=\"30ab124d\" data-element_type=\"column\" data-e-type=\"column\">\n\t\t\t<div class=\"elementor-widget-wrap\">\n\t\t\t\t\t\t\t<\/div>\n\t\t<\/div>\n\t\t\t\t\t<\/div>\n\t\t<\/section>\n\t\t\t\t<section class=\"elementor-section elementor-top-section elementor-element elementor-element-e46b811 elementor-section-height-min-height elementor-section-boxed elementor-section-height-default elementor-section-items-middle\" data-id=\"e46b811\" data-element_type=\"section\" data-e-type=\"section\" data-settings=\"{&quot;background_background&quot;:&quot;classic&quot;}\">\n\t\t\t\t\t\t\t<div class=\"elementor-background-overlay\"><\/div>\n\t\t\t\t\t\t\t<div class=\"elementor-container elementor-column-gap-default\">\n\t\t\t\t\t<div class=\"elementor-column elementor-col-100 elementor-top-column elementor-element elementor-element-0daa56a\" data-id=\"0daa56a\" data-element_type=\"column\" data-e-type=\"column\">\n\t\t\t<div class=\"elementor-widget-wrap\">\n\t\t\t\t\t\t\t<\/div>\n\t\t<\/div>\n\t\t\t\t\t<\/div>\n\t\t<\/section>\n\t\t\t\t<section class=\"elementor-section elementor-top-section elementor-element elementor-element-1ef59037 elementor-section-height-min-height elementor-section-content-middle elementor-section-boxed elementor-section-height-default elementor-section-items-middle\" data-id=\"1ef59037\" data-element_type=\"section\" data-e-type=\"section\" data-settings=\"{&quot;background_background&quot;:&quot;classic&quot;}\">\n\t\t\t\t\t\t<div class=\"elementor-container elementor-column-gap-default\">\n\t\t\t\t\t<div class=\"elementor-column elementor-col-50 elementor-top-column elementor-element elementor-element-17a105b5\" data-id=\"17a105b5\" data-element_type=\"column\" data-e-type=\"column\">\n\t\t\t<div class=\"elementor-widget-wrap elementor-element-populated\">\n\t\t\t\t\t\t<div class=\"elementor-element elementor-element-7a414eda elementor-widget-divider--view-line elementor-widget elementor-widget-divider\" data-id=\"7a414eda\" data-element_type=\"widget\" data-e-type=\"widget\" data-widget_type=\"divider.default\">\n\t\t\t\t<div class=\"elementor-widget-container\">\n\t\t\t\t\t\t\t<div class=\"elementor-divider\">\n\t\t\t<span class=\"elementor-divider-separator\">\n\t\t\t\t\t\t<\/span>\n\t\t<\/div>\n\t\t\t\t\t\t<\/div>\n\t\t\t\t<\/div>\n\t\t\t\t<div class=\"elementor-element elementor-element-30819b0 elementor-widget elementor-widget-heading\" data-id=\"30819b0\" data-element_type=\"widget\" data-e-type=\"widget\" data-widget_type=\"heading.default\">\n\t\t\t\t<div class=\"elementor-widget-container\">\n\t\t\t\t\t<h1 class=\"elementor-heading-title elementor-size-default\">WHAT IS PRODUCTION MANAGEMENT?<\/h1>\t\t\t\t<\/div>\n\t\t\t\t<\/div>\n\t\t\t\t<div class=\"elementor-element elementor-element-35bc222e elementor-widget elementor-widget-text-editor\" data-id=\"35bc222e\" data-element_type=\"widget\" data-e-type=\"widget\" data-widget_type=\"text-editor.default\">\n\t\t\t\t<div class=\"elementor-widget-container\">\n\t\t\t\t\t\t\t\t\t<p><b>Production Management<\/b>,is the process of manufacturing the products desired by the customer, in the desired quality, in the desired amount, on time by using the optimum level of the company resources (raw materials, materials, area, machinery, equipment, time and labor).<\/p><p><a style=\"background-color: rgba(241, 243, 245, 0.5);\" href=\"https:\/\/www.youtube.com\/channel\/UCObJaw5hdI6EbzchRL9kHvQ\" target=\"_blank\" rel=\"noopener\">Progim Lean Transformation &amp; Software<\/a>\u00a0Progim provides service in the following subjects regardless of the sector in order to manage this process in the most accurate way and to ensure the most efficient use of factory resources.\u00a0<strong>sekt\u00f6r <\/strong>g\u00f6zetmeksizin\u00a0hizmet vermektedir.<\/p><p>Production management assists managers in making decisions by ensuring that appropriate tools and methods are used. In order for the production management to be performed in an optimum way, it is necessary to have a close relationship with the other departments of the company.<\/p>\t\t\t\t\t\t\t\t<\/div>\n\t\t\t\t<\/div>\n\t\t\t\t\t<\/div>\n\t\t<\/div>\n\t\t\t\t<div class=\"elementor-column elementor-col-50 elementor-top-column elementor-element elementor-element-beebed6\" data-id=\"beebed6\" data-element_type=\"column\" data-e-type=\"column\">\n\t\t\t<div class=\"elementor-widget-wrap elementor-element-populated\">\n\t\t\t\t\t\t<div class=\"elementor-element elementor-element-9825f2e elementor-widget elementor-widget-image\" data-id=\"9825f2e\" data-element_type=\"widget\" data-e-type=\"widget\" data-widget_type=\"image.default\">\n\t\t\t\t<div class=\"elementor-widget-container\">\n\t\t\t\t\t\t\t\t\t\t\t\t\t\t\t<img fetchpriority=\"high\" decoding=\"async\" width=\"1024\" height=\"534\" src=\"https:\/\/progimyalin.com.tr\/wp-content\/uploads\/2021\/12\/uretim-yonetimii-1024x534.jpg\" class=\"attachment-large size-large wp-image-14242\" alt=\"\u00fcretim y\u00f6netimii\" srcset=\"https:\/\/progimyalin.com.tr\/wp-content\/uploads\/2021\/12\/uretim-yonetimii-1024x534.jpg 1024w, https:\/\/progimyalin.com.tr\/wp-content\/uploads\/2021\/12\/uretim-yonetimii-300x156.jpg 300w, https:\/\/progimyalin.com.tr\/wp-content\/uploads\/2021\/12\/uretim-yonetimii-768x400.jpg 768w, https:\/\/progimyalin.com.tr\/wp-content\/uploads\/2021\/12\/uretim-yonetimii-500x261.jpg 500w, https:\/\/progimyalin.com.tr\/wp-content\/uploads\/2021\/12\/uretim-yonetimii-800x417.jpg 800w, https:\/\/progimyalin.com.tr\/wp-content\/uploads\/2021\/12\/uretim-yonetimii-1280x667.jpg 1280w, https:\/\/progimyalin.com.tr\/wp-content\/uploads\/2021\/12\/uretim-yonetimii-850x443.jpg 850w, https:\/\/progimyalin.com.tr\/wp-content\/uploads\/2021\/12\/uretim-yonetimii-250x130.jpg 250w, https:\/\/progimyalin.com.tr\/wp-content\/uploads\/2021\/12\/uretim-yonetimii-350x182.jpg 350w, https:\/\/progimyalin.com.tr\/wp-content\/uploads\/2021\/12\/uretim-yonetimii.jpg 1489w\" sizes=\"(max-width: 1024px) 100vw, 1024px\" \/>\t\t\t\t\t\t\t\t\t\t\t\t\t\t\t<\/div>\n\t\t\t\t<\/div>\n\t\t\t\t\t<\/div>\n\t\t<\/div>\n\t\t\t\t\t<\/div>\n\t\t<\/section>\n\t\t\t\t<section class=\"elementor-section elementor-top-section elementor-element elementor-element-4c657346 elementor-section-height-min-height elementor-section-content-middle elementor-reverse-mobile elementor-section-boxed elementor-section-height-default elementor-section-items-middle\" data-id=\"4c657346\" data-element_type=\"section\" data-e-type=\"section\" data-settings=\"{&quot;background_background&quot;:&quot;none&quot;}\">\n\t\t\t\t\t\t<div class=\"elementor-container elementor-column-gap-default\">\n\t\t\t\t\t<div class=\"elementor-column elementor-col-50 elementor-top-column elementor-element elementor-element-52eae091\" data-id=\"52eae091\" data-element_type=\"column\" data-e-type=\"column\">\n\t\t\t<div class=\"elementor-widget-wrap elementor-element-populated\">\n\t\t\t\t\t\t<div class=\"elementor-element elementor-element-6355e9a5 elementor-widget elementor-widget-image\" data-id=\"6355e9a5\" data-element_type=\"widget\" data-e-type=\"widget\" data-widget_type=\"image.default\">\n\t\t\t\t<div class=\"elementor-widget-container\">\n\t\t\t\t\t\t\t\t\t\t\t\t\t\t\t<img decoding=\"async\" width=\"644\" height=\"540\" data-src=\"https:\/\/progimyalin.com.tr\/wp-content\/uploads\/2021\/12\/uretim-yonetimi-modulu.png\" class=\"attachment-full size-full wp-image-12894 lazyload\" alt=\"\u00dcretim y\u00f6netim mod\u00fcl\u00fc\" data-srcset=\"https:\/\/progimyalin.com.tr\/wp-content\/uploads\/2021\/12\/uretim-yonetimi-modulu.png 644w, https:\/\/progimyalin.com.tr\/wp-content\/uploads\/2021\/12\/uretim-yonetimi-modulu-300x252.png 300w, https:\/\/progimyalin.com.tr\/wp-content\/uploads\/2021\/12\/uretim-yonetimi-modulu-500x419.png 500w, https:\/\/progimyalin.com.tr\/wp-content\/uploads\/2021\/12\/uretim-yonetimi-modulu-250x210.png 250w, https:\/\/progimyalin.com.tr\/wp-content\/uploads\/2021\/12\/uretim-yonetimi-modulu-350x293.png 350w\" data-sizes=\"(max-width: 644px) 100vw, 644px\" src=\"data:image\/svg+xml;base64,PHN2ZyB3aWR0aD0iMSIgaGVpZ2h0PSIxIiB4bWxucz0iaHR0cDovL3d3dy53My5vcmcvMjAwMC9zdmciPjwvc3ZnPg==\" style=\"--smush-placeholder-width: 644px; --smush-placeholder-aspect-ratio: 644\/540;\" \/>\t\t\t\t\t\t\t\t\t\t\t\t\t\t\t<\/div>\n\t\t\t\t<\/div>\n\t\t\t\t\t<\/div>\n\t\t<\/div>\n\t\t\t\t<div class=\"elementor-column elementor-col-50 elementor-top-column elementor-element elementor-element-216b2484\" data-id=\"216b2484\" data-element_type=\"column\" data-e-type=\"column\">\n\t\t\t<div class=\"elementor-widget-wrap elementor-element-populated\">\n\t\t\t\t\t\t<div class=\"elementor-element elementor-element-3c365235 elementor-widget-divider--view-line elementor-widget elementor-widget-divider\" data-id=\"3c365235\" data-element_type=\"widget\" data-e-type=\"widget\" data-widget_type=\"divider.default\">\n\t\t\t\t<div class=\"elementor-widget-container\">\n\t\t\t\t\t\t\t<div class=\"elementor-divider\">\n\t\t\t<span class=\"elementor-divider-separator\">\n\t\t\t\t\t\t<\/span>\n\t\t<\/div>\n\t\t\t\t\t\t<\/div>\n\t\t\t\t<\/div>\n\t\t\t\t<div class=\"elementor-element elementor-element-9ad6e22 elementor-widget elementor-widget-text-editor\" data-id=\"9ad6e22\" data-element_type=\"widget\" data-e-type=\"widget\" data-widget_type=\"text-editor.default\">\n\t\t\t\t<div class=\"elementor-widget-container\">\n\t\t\t\t\t\t\t\t\t<p style=\"text-align: center;\">Let's Ensure the Most Efficient Use of Resources\u2026<\/p>\t\t\t\t\t\t\t\t<\/div>\n\t\t\t\t<\/div>\n\t\t\t\t<div class=\"elementor-element elementor-element-50c1eea9 elementor-widget elementor-widget-text-editor\" data-id=\"50c1eea9\" data-element_type=\"widget\" data-e-type=\"widget\" data-widget_type=\"text-editor.default\">\n\t\t\t\t<div class=\"elementor-widget-container\">\n\t\t\t\t\t\t\t\t\t<p>Progim gives services about below subjects related with production management :<\/p><ul><li><a href=\"https:\/\/progimyalin.com.tr\/en\/lean-production\/\">Lean Production<\/a><\/li><li><a href=\"https:\/\/progimyalin.com.tr\/en\/tpm-total-productive-maintenance\/\" target=\"_blank\" rel=\"noopener\">TPM<\/a><\/li><li><a href=\"https:\/\/progimyalin.com.tr\/en\/production-scheduling-software\/\">Production Planning<\/a><\/li><li><a href=\"https:\/\/progimyalin.com.tr\/en\/production-management\/\">Warehouse and Inventory Management<\/a><\/li><li><a href=\"https:\/\/progimyalin.com.tr\/en\/tpm-total-productive-maintenance\/\">Maintenance Management<\/a><\/li><\/ul><p>gives services the subjects.<\/p>\t\t\t\t\t\t\t\t<\/div>\n\t\t\t\t<\/div>\n\t\t\t\t\t<\/div>\n\t\t<\/div>\n\t\t\t\t\t<\/div>\n\t\t<\/section>\n\t\t\t\t<\/div>","protected":false},"excerpt":{"rendered":"<p>\u00dcRET\u0130M Y\u00d6NET\u0130M\u0130 NED\u0130R? \u00dcretim Y\u00f6netimi, i\u015fletme kaynaklar\u0131n\u0131n (hammadde, malzeme, alan, makine, te\u00e7hizat, zaman ve i\u015fg\u00fcc\u00fc) en optimum \u015fekilde kullan\u0131larak, m\u00fc\u015fterinin istedi\u011fi \u00fcr\u00fcn\u00fc, istedi\u011fi zamanda, istedi\u011fi miktarda, beklenen kalitede \u00fcretilmesi s\u00fcrecidir. Progim Yal\u0131n D\u00f6n\u00fc\u015f\u00fcm &amp; Yaz\u0131l\u0131m\u00a0bu s\u00fcrecin en do\u011fru \u015fekilde y\u00f6netilmesi ve fabrika kaynaklar\u0131n\u0131n en [&hellip;]<\/p>","protected":false},"author":3,"featured_media":0,"parent":0,"menu_order":0,"comment_status":"closed","ping_status":"closed","template":"elementor_header_footer","meta":{"footnotes":""},"class_list":["post-301","page","type-page","status-publish","hentry"],"_links":{"self":[{"href":"https:\/\/progimyalin.com.tr\/en\/wp-json\/wp\/v2\/pages\/301","targetHints":{"allow":["GET"]}}],"collection":[{"href":"https:\/\/progimyalin.com.tr\/en\/wp-json\/wp\/v2\/pages"}],"about":[{"href":"https:\/\/progimyalin.com.tr\/en\/wp-json\/wp\/v2\/types\/page"}],"author":[{"embeddable":true,"href":"https:\/\/progimyalin.com.tr\/en\/wp-json\/wp\/v2\/users\/3"}],"replies":[{"embeddable":true,"href":"https:\/\/progimyalin.com.tr\/en\/wp-json\/wp\/v2\/comments?post=301"}],"version-history":[{"count":4,"href":"https:\/\/progimyalin.com.tr\/en\/wp-json\/wp\/v2\/pages\/301\/revisions"}],"predecessor-version":[{"id":29371,"href":"https:\/\/progimyalin.com.tr\/en\/wp-json\/wp\/v2\/pages\/301\/revisions\/29371"}],"wp:attachment":[{"href":"https:\/\/progimyalin.com.tr\/en\/wp-json\/wp\/v2\/media?parent=301"}],"curies":[{"name":"wp","href":"https:\/\/api.w.org\/{rel}","templated":true}]}}