{"id":304,"date":"2024-09-06T10:29:38","date_gmt":"2024-09-06T07:29:38","guid":{"rendered":"http:\/\/progimyalin.com.tr\/?page_id=304"},"modified":"2024-11-12T16:25:13","modified_gmt":"2024-11-12T13:25:13","slug":"tpm-toplam-uretken-bakim","status":"publish","type":"page","link":"https:\/\/progimyalin.com.tr\/en\/tpm-total-productive-maintenance\/","title":{"rendered":"TPM &#8211; Toplam \u00dcretken Bak\u0131m"},"content":{"rendered":"<div data-elementor-type=\"wp-post\" data-elementor-id=\"304\" class=\"elementor elementor-304\">\n\t\t\t\t\t\t<section class=\"elementor-section elementor-top-section elementor-element elementor-element-1cf11a9 elementor-section-boxed elementor-section-height-default elementor-section-height-default\" data-id=\"1cf11a9\" data-element_type=\"section\" data-e-type=\"section\">\n\t\t\t\t\t\t<div class=\"elementor-container elementor-column-gap-default\">\n\t\t\t\t\t<div class=\"elementor-column elementor-col-100 elementor-top-column elementor-element elementor-element-c099ae7\" data-id=\"c099ae7\" data-element_type=\"column\" data-e-type=\"column\">\n\t\t\t<div class=\"elementor-widget-wrap elementor-element-populated\">\n\t\t\t\t\t\t<div class=\"elementor-element elementor-element-76d4695 elementor-widget elementor-widget-spacer\" data-id=\"76d4695\" data-element_type=\"widget\" data-e-type=\"widget\" data-widget_type=\"spacer.default\">\n\t\t\t\t<div class=\"elementor-widget-container\">\n\t\t\t\t\t\t\t<div class=\"elementor-spacer\">\n\t\t\t<div class=\"elementor-spacer-inner\"><\/div>\n\t\t<\/div>\n\t\t\t\t\t\t<\/div>\n\t\t\t\t<\/div>\n\t\t\t\t\t<\/div>\n\t\t<\/div>\n\t\t\t\t\t<\/div>\n\t\t<\/section>\n\t\t\t\t<section class=\"elementor-section elementor-top-section elementor-element elementor-element-ac7f0dd elementor-section-height-min-height elementor-section-boxed elementor-section-height-default elementor-section-items-middle\" data-id=\"ac7f0dd\" data-element_type=\"section\" data-e-type=\"section\" data-settings=\"{&quot;background_background&quot;:&quot;classic&quot;}\">\n\t\t\t\t\t\t\t<div class=\"elementor-background-overlay\"><\/div>\n\t\t\t\t\t\t\t<div class=\"elementor-container elementor-column-gap-default\">\n\t\t\t\t\t<div class=\"elementor-column elementor-col-100 elementor-top-column elementor-element elementor-element-59bf5498\" data-id=\"59bf5498\" data-element_type=\"column\" data-e-type=\"column\">\n\t\t\t<div class=\"elementor-widget-wrap elementor-element-populated\">\n\t\t\t\t\t\t<div class=\"elementor-element elementor-element-069eb56 elementor-widget elementor-widget-heading\" data-id=\"069eb56\" data-element_type=\"widget\" data-e-type=\"widget\" data-widget_type=\"heading.default\">\n\t\t\t\t<div class=\"elementor-widget-container\">\n\t\t\t\t\t<h1 class=\"elementor-heading-title elementor-size-default\">(TPM) - Total Productive Maintenance <\/h1>\t\t\t\t<\/div>\n\t\t\t\t<\/div>\n\t\t\t\t<div class=\"elementor-element elementor-element-1971cdfa elementor-widget-divider--view-line elementor-widget elementor-widget-divider\" data-id=\"1971cdfa\" data-element_type=\"widget\" data-e-type=\"widget\" data-widget_type=\"divider.default\">\n\t\t\t\t<div class=\"elementor-widget-container\">\n\t\t\t\t\t\t\t<div class=\"elementor-divider\">\n\t\t\t<span class=\"elementor-divider-separator\">\n\t\t\t\t\t\t<\/span>\n\t\t<\/div>\n\t\t\t\t\t\t<\/div>\n\t\t\t\t<\/div>\n\t\t\t\t<div class=\"elementor-element elementor-element-d09e0b7 elementor-widget elementor-widget-text-editor\" data-id=\"d09e0b7\" data-element_type=\"widget\" data-e-type=\"widget\" data-widget_type=\"text-editor.default\">\n\t\t\t\t<div class=\"elementor-widget-container\">\n\t\t\t\t\t\t\t\t\t<p>TPM-Total Productive Maintenance: Zero Failure, Zero work accident, Zero defect\u2026<\/p>\t\t\t\t\t\t\t\t<\/div>\n\t\t\t\t<\/div>\n\t\t\t\t\t<\/div>\n\t\t<\/div>\n\t\t\t\t\t<\/div>\n\t\t<\/section>\n\t\t\t\t<section class=\"elementor-section elementor-top-section elementor-element elementor-element-50160070 elementor-section-height-min-height elementor-section-content-middle elementor-section-full_width elementor-section-height-default elementor-section-items-middle\" data-id=\"50160070\" data-element_type=\"section\" data-e-type=\"section\" data-settings=\"{&quot;background_background&quot;:&quot;classic&quot;}\">\n\t\t\t\t\t\t<div class=\"elementor-container elementor-column-gap-default\">\n\t\t\t\t\t<div class=\"elementor-column elementor-col-50 elementor-top-column elementor-element elementor-element-9578c6f\" data-id=\"9578c6f\" data-element_type=\"column\" data-e-type=\"column\">\n\t\t\t<div class=\"elementor-widget-wrap elementor-element-populated\">\n\t\t\t\t\t\t<div class=\"elementor-element elementor-element-55d97427 elementor-widget-divider--view-line elementor-widget elementor-widget-divider\" data-id=\"55d97427\" data-element_type=\"widget\" data-e-type=\"widget\" data-widget_type=\"divider.default\">\n\t\t\t\t<div class=\"elementor-widget-container\">\n\t\t\t\t\t\t\t<div class=\"elementor-divider\">\n\t\t\t<span class=\"elementor-divider-separator\">\n\t\t\t\t\t\t<\/span>\n\t\t<\/div>\n\t\t\t\t\t\t<\/div>\n\t\t\t\t<\/div>\n\t\t\t\t<div class=\"elementor-element elementor-element-89d0bb9 elementor-widget elementor-widget-heading\" data-id=\"89d0bb9\" data-element_type=\"widget\" data-e-type=\"widget\" data-widget_type=\"heading.default\">\n\t\t\t\t<div class=\"elementor-widget-container\">\n\t\t\t\t\t<h2 class=\"elementor-heading-title elementor-size-default\">What Is Total Productive Maintenance (TPM)?<\/h2>\t\t\t\t<\/div>\n\t\t\t\t<\/div>\n\t\t\t\t<div class=\"elementor-element elementor-element-1aba37f3 elementor-widget elementor-widget-text-editor\" data-id=\"1aba37f3\" data-element_type=\"widget\" data-e-type=\"widget\" data-widget_type=\"text-editor.default\">\n\t\t\t\t<div class=\"elementor-widget-container\">\n\t\t\t\t\t\t\t\t\t<p class=\" translation-block\">Total Productive Maintenance (TPM) is a \u201cCompany Strategy\u201d aiming at zero downtime in production processes, zero quality defects and zero work accidents, bringing autonomous maintenance responsibility to the operator with the participation of all employees, maximizing efficiency of the production system and equipments.<\/p><p class=\" translation-block\">With the realization of TPM, significant financial gains are obtained as follows:<\/p><ul><li>Productivity increase<\/li><li>Decreased failures<\/li><li>Decrease in product defects<\/li><li>Decrease in work accidents<\/li><li>Decreased customer complaints<\/li><li>Decrease in semi-finished good stocks<\/li><li>Decrease in maintenance costs<\/li><li>Increase in employee suggestions<\/li><\/ul><p class=\" translation-block\">The following gains of total productive maintenance (TPM), which cannot be measured, also contribute to the development of the company:<\/p><p><b>Which cannot be measured:<\/b><\/p><ul><li>As a result of autonomous maintenance activities, operators start to adopt their machines.<\/li><li>The belief of \u201cZero Failure\u201d, \u201cZero Work Accident\u201d, \u201cZero Defect\u201d becomes widespread.<\/li><li>Cooperation between departments increases<\/li><li>Information sharing becomes widespread<\/li><li>The working environment becomes cleaner and tidy<\/li><\/ul><p class=\" translation-block\">As the total productive maintenance works begin to settle in the factory, machine operators become maintenance operators, and maintenance personnel become improver maintainers.<\/p><p>In other words, downtime is so reduced over time that maintenance workers now turn to jobs such as early equipment management and construction of new machinery \/ equipment instead of repairs.<\/p>\t\t\t\t\t\t\t\t<\/div>\n\t\t\t\t<\/div>\n\t\t\t\t\t<\/div>\n\t\t<\/div>\n\t\t\t\t<div class=\"elementor-column elementor-col-50 elementor-top-column elementor-element elementor-element-147b735c\" data-id=\"147b735c\" data-element_type=\"column\" data-e-type=\"column\">\n\t\t\t<div class=\"elementor-widget-wrap elementor-element-populated\">\n\t\t\t\t\t\t<div class=\"elementor-element elementor-element-77fc3b8d elementor-widget elementor-widget-image\" data-id=\"77fc3b8d\" data-element_type=\"widget\" data-e-type=\"widget\" data-widget_type=\"image.default\">\n\t\t\t\t<div class=\"elementor-widget-container\">\n\t\t\t\t\t\t\t\t\t\t\t\t<figure class=\"wp-caption\">\n\t\t\t\t\t\t\t\t\t\t\t<a href=\"https:\/\/youtu.be\/q16GpfcU-0Y\" target=\"_blank\" rel=\"noopener\">\n\t\t\t\t\t\t\t<img fetchpriority=\"high\" decoding=\"async\" width=\"585\" height=\"373\" src=\"https:\/\/progimyalin.com.tr\/wp-content\/uploads\/2018\/12\/before-after-tpm.png\" class=\"attachment-full size-full wp-image-133\" alt=\"\" srcset=\"https:\/\/progimyalin.com.tr\/wp-content\/uploads\/2018\/12\/before-after-tpm.png 585w, https:\/\/progimyalin.com.tr\/wp-content\/uploads\/2018\/12\/before-after-tpm-300x191.png 300w, https:\/\/progimyalin.com.tr\/wp-content\/uploads\/2018\/12\/before-after-tpm-18x12.png 18w, https:\/\/progimyalin.com.tr\/wp-content\/uploads\/2018\/12\/before-after-tpm-250x159.png 250w, https:\/\/progimyalin.com.tr\/wp-content\/uploads\/2018\/12\/before-after-tpm-350x223.png 350w, https:\/\/progimyalin.com.tr\/wp-content\/uploads\/2018\/12\/before-after-tpm-500x319.png 500w, https:\/\/progimyalin.com.tr\/wp-content\/uploads\/2018\/12\/before-after-tpm-48x31.png 48w, https:\/\/progimyalin.com.tr\/wp-content\/uploads\/2018\/12\/before-after-tpm-36x23.png 36w\" sizes=\"(max-width: 585px) 100vw, 585px\" \/>\t\t\t\t\t\t\t\t<\/a>\n\t\t\t\t\t\t\t\t\t\t\t<figcaption class=\"widget-image-caption wp-caption-text\">Total Productive Maintenance<\/figcaption>\n\t\t\t\t\t\t\t\t\t\t<\/figure>\n\t\t\t\t\t\t\t\t\t<\/div>\n\t\t\t\t<\/div>\n\t\t\t\t\t<\/div>\n\t\t<\/div>\n\t\t\t\t\t<\/div>\n\t\t<\/section>\n\t\t\t\t<section class=\"elementor-section elementor-top-section elementor-element elementor-element-3f668db6 elementor-section-height-min-height elementor-section-content-middle elementor-reverse-mobile elementor-section-full_width elementor-section-height-default elementor-section-items-middle\" data-id=\"3f668db6\" data-element_type=\"section\" data-e-type=\"section\" data-settings=\"{&quot;background_background&quot;:&quot;none&quot;}\">\n\t\t\t\t\t\t<div class=\"elementor-container elementor-column-gap-default\">\n\t\t\t\t\t<div class=\"elementor-column elementor-col-50 elementor-top-column elementor-element elementor-element-7cddfb6b\" data-id=\"7cddfb6b\" data-element_type=\"column\" data-e-type=\"column\">\n\t\t\t<div class=\"elementor-widget-wrap elementor-element-populated\">\n\t\t\t\t\t\t<div class=\"elementor-element elementor-element-437f5a50 elementor-widget elementor-widget-image\" data-id=\"437f5a50\" data-element_type=\"widget\" data-e-type=\"widget\" data-widget_type=\"image.default\">\n\t\t\t\t<div class=\"elementor-widget-container\">\n\t\t\t\t\t\t\t\t\t\t\t\t<figure class=\"wp-caption\">\n\t\t\t\t\t\t\t\t\t\t<img decoding=\"async\" width=\"1023\" height=\"510\" data-src=\"https:\/\/progimyalin.com.tr\/wp-content\/uploads\/2018\/12\/tpm-homes.jpg\" class=\"attachment-full size-full wp-image-131 lazyload\" alt=\"(TPM) - Total Productive Maintenance\" data-srcset=\"https:\/\/progimyalin.com.tr\/wp-content\/uploads\/2018\/12\/tpm-homes.jpg 1023w, https:\/\/progimyalin.com.tr\/wp-content\/uploads\/2018\/12\/tpm-homes-300x150.jpg 300w, https:\/\/progimyalin.com.tr\/wp-content\/uploads\/2018\/12\/tpm-homes-768x383.jpg 768w, https:\/\/progimyalin.com.tr\/wp-content\/uploads\/2018\/12\/tpm-homes-18x9.jpg 18w, https:\/\/progimyalin.com.tr\/wp-content\/uploads\/2018\/12\/tpm-homes-850x424.jpg 850w, https:\/\/progimyalin.com.tr\/wp-content\/uploads\/2018\/12\/tpm-homes-250x125.jpg 250w, https:\/\/progimyalin.com.tr\/wp-content\/uploads\/2018\/12\/tpm-homes-350x174.jpg 350w, https:\/\/progimyalin.com.tr\/wp-content\/uploads\/2018\/12\/tpm-homes-500x249.jpg 500w, https:\/\/progimyalin.com.tr\/wp-content\/uploads\/2018\/12\/tpm-homes-48x24.jpg 48w, https:\/\/progimyalin.com.tr\/wp-content\/uploads\/2018\/12\/tpm-homes-36x18.jpg 36w\" data-sizes=\"(max-width: 1023px) 100vw, 1023px\" src=\"data:image\/svg+xml;base64,PHN2ZyB3aWR0aD0iMSIgaGVpZ2h0PSIxIiB4bWxucz0iaHR0cDovL3d3dy53My5vcmcvMjAwMC9zdmciPjwvc3ZnPg==\" style=\"--smush-placeholder-width: 1023px; --smush-placeholder-aspect-ratio: 1023\/510;\" \/>\t\t\t\t\t\t\t\t\t\t\t<figcaption class=\"widget-image-caption wp-caption-text\">(TPM) - Total Productive Maintenance<\/figcaption>\n\t\t\t\t\t\t\t\t\t\t<\/figure>\n\t\t\t\t\t\t\t\t\t<\/div>\n\t\t\t\t<\/div>\n\t\t\t\t\t<\/div>\n\t\t<\/div>\n\t\t\t\t<div class=\"elementor-column elementor-col-50 elementor-top-column elementor-element elementor-element-7b92a90e\" data-id=\"7b92a90e\" data-element_type=\"column\" data-e-type=\"column\">\n\t\t\t<div class=\"elementor-widget-wrap elementor-element-populated\">\n\t\t\t\t\t\t<div class=\"elementor-element elementor-element-297575f8 elementor-widget-divider--view-line elementor-widget elementor-widget-divider\" data-id=\"297575f8\" data-element_type=\"widget\" data-e-type=\"widget\" data-widget_type=\"divider.default\">\n\t\t\t\t<div class=\"elementor-widget-container\">\n\t\t\t\t\t\t\t<div class=\"elementor-divider\">\n\t\t\t<span class=\"elementor-divider-separator\">\n\t\t\t\t\t\t<\/span>\n\t\t<\/div>\n\t\t\t\t\t\t<\/div>\n\t\t\t\t<\/div>\n\t\t\t\t<div class=\"elementor-element elementor-element-725bea2 elementor-widget elementor-widget-heading\" data-id=\"725bea2\" data-element_type=\"widget\" data-e-type=\"widget\" data-widget_type=\"heading.default\">\n\t\t\t\t<div class=\"elementor-widget-container\">\n\t\t\t\t\t<h3 class=\"elementor-heading-title elementor-size-default\">Things to be done for the realization of TPM are defined as 8 columns of TPM in 8 separate topic headings as shown in the picture.<\/h3>\t\t\t\t<\/div>\n\t\t\t\t<\/div>\n\t\t\t\t<div class=\"elementor-element elementor-element-3cb00889 elementor-widget elementor-widget-text-editor\" data-id=\"3cb00889\" data-element_type=\"widget\" data-e-type=\"widget\" data-widget_type=\"text-editor.default\">\n\t\t\t\t<div class=\"elementor-widget-container\">\n\t\t\t\t\t\t\t\t\t<p>Progim enables you to realize 8 columns of TPM in your company in order to achieve all the above targets.<\/p>\n<ol>\n<li class=\" translation-block\"><strong>Kobetsu Kaizen: <\/strong>Kobetsu Kaizen means focused improvements. It includes \"Problem Solving Systematics\" performed in 10 steps. A large number of Kobetsu kaizen team studies are carried out to ensure that the OEE (Overall Equipment Effectiveness) value, which is the most important key performance indicator of TPM, is getting better. \u201c16 Major Losses\u201d, which reduces the efficiency of the factory, are minimized with these efforts.<\/li>\n<\/ol>\n<ol start=\"2\">\n<li class=\" translation-block\"><strong>Autonomous Maintenance:<\/strong> In autonomous maintenance, operators perform maintenance activities on the machines they are responsible for. operators adopt their machines.In this way, both the downtimes are reduced and the operators become more aware of the arrival of the fault before the fault occurs.<\/li>\n<li class=\" translation-block\"><strong>Planned Maintenance:<\/strong> The maintenance department carries out preventive maintenance (Periodic-Predictive maintenance-revision), corrective maintenance and maintenance prevention activities within the scope of planned maintenance.<\/li>\n<li class=\" translation-block\"><strong>Quality Maintenance:<\/strong> It includes the activities carried out to minimize internal and external quality losses. It aims to find out solutions by determining the problems that may occur in the product beforehand.<\/li>\n<li class=\" translation-block\"><strong>Training:<\/strong> The basic training policy of the factory is drawn up, internal and external trainings help improve the skills of all employees and contribute to TPM practices.<\/li>\n<li class=\" translation-block\"><strong>Office TPM:<\/strong> It aims to ensure the flow by eliminating waste in indirect processes. Autonomous maintenance is carried out in the offices and improvements are provided in the process with kobetsu kaizens.<\/li>\n<li class=\" translation-block\"><strong>Safety and Environment:<\/strong> It is for reaching \u201czero work accident\u201d which is one of the most important targets of TPM. It also aims to prevent environmental damage with factory waste.<\/li>\n<li class=\" translation-block\"><strong>Early Equipment \/ Product Management:<\/strong> It aims to realize the maintenance-free machine concept. For this, past experiences (good-bad) are gathered in a common data base for use in new purchases. The same concept is used in developing new products.<\/li>\n<\/ol>\t\t\t\t\t\t\t\t<\/div>\n\t\t\t\t<\/div>\n\t\t\t\t\t<\/div>\n\t\t<\/div>\n\t\t\t\t\t<\/div>\n\t\t<\/section>\n\t\t\t\t<\/div>","protected":false},"excerpt":{"rendered":"<p>TPM-Toplam \u00dcretken Bak\u0131m TPM-Toplam \u00dcretken Bak\u0131m : S\u0131f\u0131r Ar\u0131za, \u0130\u015f Kazas\u0131, S\u0131f\u0131r Hata\u2026 TPM-Toplam \u00dcretken Bak\u0131m Nedir? (TPM), \u00fcretim s\u00fcre\u00e7lerinde s\u0131f\u0131r ar\u0131za duru\u015fu, kalite hatas\u0131 ve s\u0131f\u0131r i\u015f kazas\u0131n\u0131 hedefler. T\u00fcm \u00e7al\u0131\u015fanlar\u0131n kat\u0131l\u0131m sa\u011flanmas\u0131yla operat\u00f6re otonom bak\u0131m sorumlulu\u011funu da getirir. Ar\u0131za giderme de\u011fil \u00f6nleme [&hellip;]<\/p>","protected":false},"author":3,"featured_media":0,"parent":0,"menu_order":0,"comment_status":"closed","ping_status":"closed","template":"elementor_header_footer","meta":{"footnotes":""},"class_list":["post-304","page","type-page","status-publish","hentry"],"_links":{"self":[{"href":"https:\/\/progimyalin.com.tr\/en\/wp-json\/wp\/v2\/pages\/304","targetHints":{"allow":["GET"]}}],"collection":[{"href":"https:\/\/progimyalin.com.tr\/en\/wp-json\/wp\/v2\/pages"}],"about":[{"href":"https:\/\/progimyalin.com.tr\/en\/wp-json\/wp\/v2\/types\/page"}],"author":[{"embeddable":true,"href":"https:\/\/progimyalin.com.tr\/en\/wp-json\/wp\/v2\/users\/3"}],"replies":[{"embeddable":true,"href":"https:\/\/progimyalin.com.tr\/en\/wp-json\/wp\/v2\/comments?post=304"}],"version-history":[{"count":2,"href":"https:\/\/progimyalin.com.tr\/en\/wp-json\/wp\/v2\/pages\/304\/revisions"}],"predecessor-version":[{"id":29504,"href":"https:\/\/progimyalin.com.tr\/en\/wp-json\/wp\/v2\/pages\/304\/revisions\/29504"}],"wp:attachment":[{"href":"https:\/\/progimyalin.com.tr\/en\/wp-json\/wp\/v2\/media?parent=304"}],"curies":[{"name":"wp","href":"https:\/\/api.w.org\/{rel}","templated":true}]}}