{"id":3830,"date":"2024-09-06T10:29:44","date_gmt":"2024-09-06T07:29:44","guid":{"rendered":"http:\/\/progimyalin.com.tr\/?page_id=3830"},"modified":"2025-09-26T09:26:06","modified_gmt":"2025-09-26T06:26:06","slug":"referanslarimiz","status":"publish","type":"page","link":"https:\/\/progimyalin.com.tr\/en\/our-references\/","title":{"rendered":"Our References"},"content":{"rendered":"<div data-elementor-type=\"wp-post\" data-elementor-id=\"3830\" class=\"elementor elementor-3830\">\n\t\t\t\t\t\t<section class=\"elementor-section elementor-top-section elementor-element elementor-element-bb2ee20 elementor-section-boxed elementor-section-height-default elementor-section-height-default\" data-id=\"bb2ee20\" data-element_type=\"section\" data-e-type=\"section\">\n\t\t\t\t\t\t<div class=\"elementor-container elementor-column-gap-default\">\n\t\t\t\t\t<div class=\"elementor-column elementor-col-100 elementor-top-column elementor-element elementor-element-b1b2d9a\" data-id=\"b1b2d9a\" data-element_type=\"column\" data-e-type=\"column\">\n\t\t\t<div class=\"elementor-widget-wrap elementor-element-populated\">\n\t\t\t\t\t\t<div class=\"elementor-element elementor-element-d718cbb elementor-widget elementor-widget-spacer\" data-id=\"d718cbb\" data-element_type=\"widget\" data-e-type=\"widget\" data-widget_type=\"spacer.default\">\n\t\t\t\t<div class=\"elementor-widget-container\">\n\t\t\t\t\t\t\t<div class=\"elementor-spacer\">\n\t\t\t<div class=\"elementor-spacer-inner\"><\/div>\n\t\t<\/div>\n\t\t\t\t\t\t<\/div>\n\t\t\t\t<\/div>\n\t\t\t\t\t<\/div>\n\t\t<\/div>\n\t\t\t\t\t<\/div>\n\t\t<\/section>\n\t\t\t\t<section class=\"elementor-section elementor-top-section elementor-element elementor-element-3a4f29d elementor-section-boxed elementor-section-height-default elementor-section-height-default\" data-id=\"3a4f29d\" data-element_type=\"section\" data-e-type=\"section\" data-settings=\"{&quot;background_background&quot;:&quot;classic&quot;,&quot;shape_divider_bottom&quot;:&quot;curve&quot;,&quot;shape_divider_bottom_negative&quot;:&quot;yes&quot;}\">\n\t\t\t\t\t\t\t<div class=\"elementor-background-overlay\"><\/div>\n\t\t\t\t\t\t<div class=\"elementor-shape elementor-shape-bottom\" aria-hidden=\"true\" data-negative=\"true\">\n\t\t\t<svg xmlns=\"http:\/\/www.w3.org\/2000\/svg\" viewbox=\"0 0 1000 100\" preserveaspectratio=\"none\">\n\t<path class=\"elementor-shape-fill\" d=\"M500,97C126.7,96.3,0.8,19.8,0,0v100l1000,0V1C1000,19.4,873.3,97.8,500,97z\"\/>\n<\/svg>\t\t<\/div>\n\t\t\t\t\t<div class=\"elementor-container elementor-column-gap-default\">\n\t\t\t\t\t<div class=\"elementor-column elementor-col-100 elementor-top-column elementor-element elementor-element-654aaa2\" data-id=\"654aaa2\" data-element_type=\"column\" data-e-type=\"column\">\n\t\t\t<div class=\"elementor-widget-wrap elementor-element-populated\">\n\t\t\t\t\t\t<div class=\"elementor-element elementor-element-ddaaf70 elementor-widget elementor-widget-heading\" data-id=\"ddaaf70\" data-element_type=\"widget\" data-e-type=\"widget\" data-widget_type=\"heading.default\">\n\t\t\t\t<div class=\"elementor-widget-container\">\n\t\t\t\t\t<h1 class=\"elementor-heading-title elementor-size-default\">Our References<\/h1>\t\t\t\t<\/div>\n\t\t\t\t<\/div>\n\t\t\t\t\t<\/div>\n\t\t<\/div>\n\t\t\t\t\t<\/div>\n\t\t<\/section>\n\t\t\t\t<section class=\"elementor-section elementor-top-section elementor-element elementor-element-ed63cda elementor-hidden-desktop elementor-hidden-tablet elementor-hidden-mobile elementor-section-boxed elementor-section-height-default elementor-section-height-default\" data-id=\"ed63cda\" data-element_type=\"section\" data-e-type=\"section\">\n\t\t\t\t\t\t<div class=\"elementor-container elementor-column-gap-default\">\n\t\t\t\t\t<div class=\"elementor-column elementor-col-100 elementor-top-column elementor-element elementor-element-6f72359\" data-id=\"6f72359\" data-element_type=\"column\" data-e-type=\"column\">\n\t\t\t<div class=\"elementor-widget-wrap elementor-element-populated\">\n\t\t\t\t\t\t<div class=\"elementor-element elementor-element-1aca98a elementor-widget elementor-widget-text-editor\" data-id=\"1aca98a\" data-element_type=\"widget\" data-e-type=\"widget\" data-widget_type=\"text-editor.default\">\n\t\t\t\t<div class=\"elementor-widget-container\">\n\t\t\t\t\t\t\t\t\t<p>[smls id=&#8221;3864&#8243;]<\/p>\t\t\t\t\t\t\t\t<\/div>\n\t\t\t\t<\/div>\n\t\t\t\t\t<\/div>\n\t\t<\/div>\n\t\t\t\t\t<\/div>\n\t\t<\/section>\n\t\t\t\t<section class=\"elementor-section elementor-top-section elementor-element elementor-element-f910692 elementor-section-boxed elementor-section-height-default elementor-section-height-default\" data-id=\"f910692\" data-element_type=\"section\" data-e-type=\"section\" data-settings=\"{&quot;background_background&quot;:&quot;classic&quot;}\">\n\t\t\t\t\t\t<div class=\"elementor-container elementor-column-gap-default\">\n\t\t\t\t\t<div class=\"elementor-column elementor-col-100 elementor-top-column elementor-element elementor-element-6ea4f6a\" data-id=\"6ea4f6a\" data-element_type=\"column\" data-e-type=\"column\">\n\t\t\t<div class=\"elementor-widget-wrap elementor-element-populated\">\n\t\t\t\t\t\t<div class=\"elementor-element elementor-element-ffcff4d elementor-widget elementor-widget-heading\" data-id=\"ffcff4d\" data-element_type=\"widget\" data-e-type=\"widget\" data-widget_type=\"heading.default\">\n\t\t\t\t<div class=\"elementor-widget-container\">\n\t\t\t\t\t<h2 class=\"elementor-heading-title elementor-size-default\">Lean Transformation Implemented Companies<\/h2>\t\t\t\t<\/div>\n\t\t\t\t<\/div>\n\t\t\t\t<div class=\"elementor-element elementor-element-c9f36b1 elementor-widget elementor-widget-image\" data-id=\"c9f36b1\" data-element_type=\"widget\" data-e-type=\"widget\" data-widget_type=\"image.default\">\n\t\t\t\t<div class=\"elementor-widget-container\">\n\t\t\t\t\t\t\t\t\t\t\t\t\t\t\t<img decoding=\"async\" data-src=\"https:\/\/progimyalin.com.tr\/wp-content\/uploads\/2018\/12\/yalin-scaled.jpg\" title=\"\" alt=\"\" src=\"data:image\/svg+xml;base64,PHN2ZyB3aWR0aD0iMSIgaGVpZ2h0PSIxIiB4bWxucz0iaHR0cDovL3d3dy53My5vcmcvMjAwMC9zdmciPjwvc3ZnPg==\" class=\"lazyload\" style=\"--smush-placeholder-width: 1347px; --smush-placeholder-aspect-ratio: 1347\/2560;\" \/>\t\t\t\t\t\t\t\t\t\t\t\t\t\t\t<\/div>\n\t\t\t\t<\/div>\n\t\t\t\t\t<\/div>\n\t\t<\/div>\n\t\t\t\t\t<\/div>\n\t\t<\/section>\n\t\t\t\t<section class=\"elementor-section elementor-top-section elementor-element elementor-element-a25d615 elementor-section-boxed elementor-section-height-default elementor-section-height-default\" data-id=\"a25d615\" data-element_type=\"section\" data-e-type=\"section\" data-settings=\"{&quot;background_background&quot;:&quot;classic&quot;}\">\n\t\t\t\t\t\t<div class=\"elementor-container elementor-column-gap-default\">\n\t\t\t\t\t<div class=\"elementor-column elementor-col-100 elementor-top-column elementor-element elementor-element-7d280ef\" data-id=\"7d280ef\" data-element_type=\"column\" data-e-type=\"column\">\n\t\t\t<div class=\"elementor-widget-wrap elementor-element-populated\">\n\t\t\t\t\t\t<div class=\"elementor-element elementor-element-5541171 elementor-widget elementor-widget-heading\" data-id=\"5541171\" data-element_type=\"widget\" data-e-type=\"widget\" data-widget_type=\"heading.default\">\n\t\t\t\t<div class=\"elementor-widget-container\">\n\t\t\t\t\t<h2 class=\"elementor-heading-title elementor-size-default\">Digital Transformation Practices<\/h2>\t\t\t\t<\/div>\n\t\t\t\t<\/div>\n\t\t\t\t<div class=\"elementor-element elementor-element-639e829 elementor-widget elementor-widget-image\" data-id=\"639e829\" data-element_type=\"widget\" data-e-type=\"widget\" data-widget_type=\"image.default\">\n\t\t\t\t<div class=\"elementor-widget-container\">\n\t\t\t\t\t\t\t\t\t\t\t\t\t\t\t<img fetchpriority=\"high\" decoding=\"async\" width=\"1122\" height=\"622\" src=\"https:\/\/progimyalin.com.tr\/wp-content\/uploads\/2018\/12\/Dijital-Donusum-Uygulamalari.png\" class=\"attachment-full size-full wp-image-30013\" alt=\"Digital Transformation Practices\" srcset=\"https:\/\/progimyalin.com.tr\/wp-content\/uploads\/2018\/12\/Dijital-Donusum-Uygulamalari.png 1122w, https:\/\/progimyalin.com.tr\/wp-content\/uploads\/2018\/12\/Dijital-Donusum-Uygulamalari-300x166.png 300w, https:\/\/progimyalin.com.tr\/wp-content\/uploads\/2018\/12\/Dijital-Donusum-Uygulamalari-1024x568.png 1024w, https:\/\/progimyalin.com.tr\/wp-content\/uploads\/2018\/12\/Dijital-Donusum-Uygulamalari-768x426.png 768w, https:\/\/progimyalin.com.tr\/wp-content\/uploads\/2018\/12\/Dijital-Donusum-Uygulamalari-18x10.png 18w, https:\/\/progimyalin.com.tr\/wp-content\/uploads\/2018\/12\/Dijital-Donusum-Uygulamalari-850x471.png 850w, https:\/\/progimyalin.com.tr\/wp-content\/uploads\/2018\/12\/Dijital-Donusum-Uygulamalari-250x139.png 250w, https:\/\/progimyalin.com.tr\/wp-content\/uploads\/2018\/12\/Dijital-Donusum-Uygulamalari-350x194.png 350w, https:\/\/progimyalin.com.tr\/wp-content\/uploads\/2018\/12\/Dijital-Donusum-Uygulamalari-500x277.png 500w, https:\/\/progimyalin.com.tr\/wp-content\/uploads\/2018\/12\/Dijital-Donusum-Uygulamalari-48x27.png 48w, https:\/\/progimyalin.com.tr\/wp-content\/uploads\/2018\/12\/Dijital-Donusum-Uygulamalari-36x20.png 36w\" sizes=\"(max-width: 1122px) 100vw, 1122px\" \/>\t\t\t\t\t\t\t\t\t\t\t\t\t\t\t<\/div>\n\t\t\t\t<\/div>\n\t\t\t\t\t<\/div>\n\t\t<\/div>\n\t\t\t\t\t<\/div>\n\t\t<\/section>\n\t\t\t\t<section class=\"elementor-section elementor-top-section elementor-element elementor-element-d57503a elementor-section-boxed elementor-section-height-default elementor-section-height-default\" data-id=\"d57503a\" data-element_type=\"section\" data-e-type=\"section\" data-settings=\"{&quot;background_background&quot;:&quot;classic&quot;}\">\n\t\t\t\t\t\t<div class=\"elementor-container elementor-column-gap-default\">\n\t\t\t\t\t<div class=\"elementor-column elementor-col-100 elementor-top-column elementor-element elementor-element-6a6c32e\" data-id=\"6a6c32e\" data-element_type=\"column\" data-e-type=\"column\">\n\t\t\t<div class=\"elementor-widget-wrap elementor-element-populated\">\n\t\t\t\t\t\t<div class=\"elementor-element elementor-element-7c9b238 elementor-widget elementor-widget-heading\" data-id=\"7c9b238\" data-element_type=\"widget\" data-e-type=\"widget\" data-widget_type=\"heading.default\">\n\t\t\t\t<div class=\"elementor-widget-container\">\n\t\t\t\t\t<h2 class=\"elementor-heading-title elementor-size-default\">Lean Production &amp; Lean Hospital Techniques Trainings<\/h2>\t\t\t\t<\/div>\n\t\t\t\t<\/div>\n\t\t\t\t<div class=\"elementor-element elementor-element-d9e9039 elementor-widget elementor-widget-image\" data-id=\"d9e9039\" data-element_type=\"widget\" data-e-type=\"widget\" data-widget_type=\"image.default\">\n\t\t\t\t<div class=\"elementor-widget-container\">\n\t\t\t\t\t\t\t\t\t\t\t\t\t\t\t<img decoding=\"async\" width=\"1755\" height=\"2560\" data-src=\"https:\/\/progimyalin.com.tr\/wp-content\/uploads\/2018\/12\/Yalin-Uretim-ve-Yalin-Hastane-Teknikleri-Egitimleri-scaled.jpg\" class=\"attachment-full size-full wp-image-30006 lazyload\" alt=\"Lean Production &amp; Lean Hospital Techniques Trainings\" data-srcset=\"https:\/\/progimyalin.com.tr\/wp-content\/uploads\/2018\/12\/Yalin-Uretim-ve-Yalin-Hastane-Teknikleri-Egitimleri-scaled.jpg 1755w, https:\/\/progimyalin.com.tr\/wp-content\/uploads\/2018\/12\/Yalin-Uretim-ve-Yalin-Hastane-Teknikleri-Egitimleri-206x300.jpg 206w, https:\/\/progimyalin.com.tr\/wp-content\/uploads\/2018\/12\/Yalin-Uretim-ve-Yalin-Hastane-Teknikleri-Egitimleri-702x1024.jpg 702w, https:\/\/progimyalin.com.tr\/wp-content\/uploads\/2018\/12\/Yalin-Uretim-ve-Yalin-Hastane-Teknikleri-Egitimleri-768x1120.jpg 768w, https:\/\/progimyalin.com.tr\/wp-content\/uploads\/2018\/12\/Yalin-Uretim-ve-Yalin-Hastane-Teknikleri-Egitimleri-1053x1536.jpg 1053w, https:\/\/progimyalin.com.tr\/wp-content\/uploads\/2018\/12\/Yalin-Uretim-ve-Yalin-Hastane-Teknikleri-Egitimleri-1404x2048.jpg 1404w, https:\/\/progimyalin.com.tr\/wp-content\/uploads\/2018\/12\/Yalin-Uretim-ve-Yalin-Hastane-Teknikleri-Egitimleri-8x12.jpg 8w, https:\/\/progimyalin.com.tr\/wp-content\/uploads\/2018\/12\/Yalin-Uretim-ve-Yalin-Hastane-Teknikleri-Egitimleri-850x1240.jpg 850w, https:\/\/progimyalin.com.tr\/wp-content\/uploads\/2018\/12\/Yalin-Uretim-ve-Yalin-Hastane-Teknikleri-Egitimleri-250x365.jpg 250w, https:\/\/progimyalin.com.tr\/wp-content\/uploads\/2018\/12\/Yalin-Uretim-ve-Yalin-Hastane-Teknikleri-Egitimleri-350x510.jpg 350w, https:\/\/progimyalin.com.tr\/wp-content\/uploads\/2018\/12\/Yalin-Uretim-ve-Yalin-Hastane-Teknikleri-Egitimleri-500x729.jpg 500w, https:\/\/progimyalin.com.tr\/wp-content\/uploads\/2018\/12\/Yalin-Uretim-ve-Yalin-Hastane-Teknikleri-Egitimleri-33x48.jpg 33w, https:\/\/progimyalin.com.tr\/wp-content\/uploads\/2018\/12\/Yalin-Uretim-ve-Yalin-Hastane-Teknikleri-Egitimleri-25x36.jpg 25w\" data-sizes=\"(max-width: 1755px) 100vw, 1755px\" src=\"data:image\/svg+xml;base64,PHN2ZyB3aWR0aD0iMSIgaGVpZ2h0PSIxIiB4bWxucz0iaHR0cDovL3d3dy53My5vcmcvMjAwMC9zdmciPjwvc3ZnPg==\" style=\"--smush-placeholder-width: 1755px; --smush-placeholder-aspect-ratio: 1755\/2560;\" \/>\t\t\t\t\t\t\t\t\t\t\t\t\t\t\t<\/div>\n\t\t\t\t<\/div>\n\t\t\t\t\t<\/div>\n\t\t<\/div>\n\t\t\t\t\t<\/div>\n\t\t<\/section>\n\t\t\t\t<section class=\"elementor-section elementor-top-section elementor-element elementor-element-ed5aa61 elementor-section-boxed elementor-section-height-default elementor-section-height-default\" data-id=\"ed5aa61\" data-element_type=\"section\" data-e-type=\"section\" data-settings=\"{&quot;background_background&quot;:&quot;classic&quot;}\">\n\t\t\t\t\t\t<div class=\"elementor-container elementor-column-gap-default\">\n\t\t\t\t\t<div class=\"elementor-column elementor-col-100 elementor-top-column elementor-element elementor-element-1651417\" data-id=\"1651417\" data-element_type=\"column\" data-e-type=\"column\">\n\t\t\t<div class=\"elementor-widget-wrap elementor-element-populated\">\n\t\t\t\t\t\t<div class=\"elementor-element elementor-element-2d2af9a elementor-widget elementor-widget-heading\" data-id=\"2d2af9a\" data-element_type=\"widget\" data-e-type=\"widget\" data-widget_type=\"heading.default\">\n\t\t\t\t<div class=\"elementor-widget-container\">\n\t\t\t\t\t<h2 class=\"elementor-heading-title elementor-size-default\">Evaluation<\/h2>\t\t\t\t<\/div>\n\t\t\t\t<\/div>\n\t\t\t\t<div class=\"elementor-element elementor-element-773f0a9 elementor-widget elementor-widget-image\" data-id=\"773f0a9\" data-element_type=\"widget\" data-e-type=\"widget\" data-widget_type=\"image.default\">\n\t\t\t\t<div class=\"elementor-widget-container\">\n\t\t\t\t\t\t\t\t\t\t\t\t\t\t\t<img decoding=\"async\" width=\"1103\" height=\"323\" data-src=\"https:\/\/progimyalin.com.tr\/wp-content\/uploads\/2018\/12\/OnDegerlendirme.png\" class=\"attachment-full size-full wp-image-30014 lazyload\" alt=\"\u00d6nDe\u011ferlendirme\" data-srcset=\"https:\/\/progimyalin.com.tr\/wp-content\/uploads\/2018\/12\/OnDegerlendirme.png 1103w, https:\/\/progimyalin.com.tr\/wp-content\/uploads\/2018\/12\/OnDegerlendirme-300x88.png 300w, https:\/\/progimyalin.com.tr\/wp-content\/uploads\/2018\/12\/OnDegerlendirme-1024x300.png 1024w, https:\/\/progimyalin.com.tr\/wp-content\/uploads\/2018\/12\/OnDegerlendirme-768x225.png 768w, https:\/\/progimyalin.com.tr\/wp-content\/uploads\/2018\/12\/OnDegerlendirme-18x5.png 18w, https:\/\/progimyalin.com.tr\/wp-content\/uploads\/2018\/12\/OnDegerlendirme-850x249.png 850w, https:\/\/progimyalin.com.tr\/wp-content\/uploads\/2018\/12\/OnDegerlendirme-250x73.png 250w, https:\/\/progimyalin.com.tr\/wp-content\/uploads\/2018\/12\/OnDegerlendirme-350x102.png 350w, https:\/\/progimyalin.com.tr\/wp-content\/uploads\/2018\/12\/OnDegerlendirme-500x146.png 500w, https:\/\/progimyalin.com.tr\/wp-content\/uploads\/2018\/12\/OnDegerlendirme-48x14.png 48w, https:\/\/progimyalin.com.tr\/wp-content\/uploads\/2018\/12\/OnDegerlendirme-36x11.png 36w\" data-sizes=\"(max-width: 1103px) 100vw, 1103px\" src=\"data:image\/svg+xml;base64,PHN2ZyB3aWR0aD0iMSIgaGVpZ2h0PSIxIiB4bWxucz0iaHR0cDovL3d3dy53My5vcmcvMjAwMC9zdmciPjwvc3ZnPg==\" style=\"--smush-placeholder-width: 1103px; --smush-placeholder-aspect-ratio: 1103\/323;\" \/>\t\t\t\t\t\t\t\t\t\t\t\t\t\t\t<\/div>\n\t\t\t\t<\/div>\n\t\t\t\t\t<\/div>\n\t\t<\/div>\n\t\t\t\t\t<\/div>\n\t\t<\/section>\n\t\t\t\t<\/div>","protected":false},"excerpt":{"rendered":"<p>Referanslar\u0131m\u0131z Yal\u0131n D\u00f6n\u00fc\u015f\u00fcm Uygulamalar\u0131 [smls id=&#8221;25978&#8243;] Dijital D\u00f6n\u00fc\u015f\u00fcm Uygulamalar\u0131 [smls id=&#8221;29188&#8243;] Yal\u0131n \u00dcretim ve Yal\u0131n Hastane Teknikleri E\u011fitimleri [smls id=&#8221;3876&#8243;] \u00d6n De\u011ferlendirme [smls id=&#8221;3957&#8243;] [smls id=&#8221;3864&#8243;] Lean Transformation Implemented Companies Digital Transformation Practices Lean Production &amp; Lean Hospital Techniques Trainings Evaluation<\/p>","protected":false},"author":3,"featured_media":0,"parent":0,"menu_order":0,"comment_status":"closed","ping_status":"closed","template":"elementor_header_footer","meta":{"footnotes":""},"class_list":["post-3830","page","type-page","status-publish","hentry"],"_links":{"self":[{"href":"https:\/\/progimyalin.com.tr\/en\/wp-json\/wp\/v2\/pages\/3830","targetHints":{"allow":["GET"]}}],"collection":[{"href":"https:\/\/progimyalin.com.tr\/en\/wp-json\/wp\/v2\/pages"}],"about":[{"href":"https:\/\/progimyalin.com.tr\/en\/wp-json\/wp\/v2\/types\/page"}],"author":[{"embeddable":true,"href":"https:\/\/progimyalin.com.tr\/en\/wp-json\/wp\/v2\/users\/3"}],"replies":[{"embeddable":true,"href":"https:\/\/progimyalin.com.tr\/en\/wp-json\/wp\/v2\/comments?post=3830"}],"version-history":[{"count":274,"href":"https:\/\/progimyalin.com.tr\/en\/wp-json\/wp\/v2\/pages\/3830\/revisions"}],"predecessor-version":[{"id":30049,"href":"https:\/\/progimyalin.com.tr\/en\/wp-json\/wp\/v2\/pages\/3830\/revisions\/30049"}],"wp:attachment":[{"href":"https:\/\/progimyalin.com.tr\/en\/wp-json\/wp\/v2\/media?parent=3830"}],"curies":[{"name":"wp","href":"https:\/\/api.w.org\/{rel}","templated":true}]}}